{"id":6048,"date":"2024-03-27T13:31:21","date_gmt":"2024-03-27T13:31:21","guid":{"rendered":"https:\/\/rubiscare.com\/product\/rubis-100-gr-creamy-soap-in-a-box\/"},"modified":"2024-03-27T13:44:31","modified_gmt":"2024-03-27T13:44:31","slug":"rubis-100-gr-creamy-soap-in-a-box","status":"publish","type":"product","link":"https:\/\/rubiscare.com\/tr\/urun\/rubis-100-gr-creamy-soap-in-a-box\/","title":{"rendered":"Rubis 100 gr Kutulu Sabun"},"content":{"rendered":"<p>1 adet 100 gr kutu sabun<\/p>\n<p><strong>Kolideki \u00fcr\u00fcn say\u0131s\u0131:<\/strong><br \/>\n24<\/p>\n<p><strong>Koli a\u011f\u0131rl\u0131\u011f\u0131:<\/strong><br \/>\n2.4 kg<\/p>\n<p><strong>Barkod:\u00a0\u00a0<\/strong><\/p>\n<p>8692624168635<\/p>\n<p>8692624168642<\/p>\n<p>8692624168659<\/p>\n<p>8692624168666<\/p>\n<p>8692624168673<\/p>\n","protected":false},"excerpt":{"rendered":"<p>1 adet 100 gr kutu sabun Kolideki \u00fcr\u00fcn say\u0131s\u0131: 24 Koli a\u011f\u0131rl\u0131\u011f\u0131: 2.4 kg Barkod:\u00a0\u00a0 8692624168635 8692624168642 8692624168659 8692624168666 8692624168673<\/p>\n","protected":false},"featured_media":6039,"comment_status":"open","ping_status":"closed","template":"","meta":[],"product_cat":[757,757],"product_tag":[],"aioseo_notices":[],"_links":{"self":[{"href":"https:\/\/rubiscare.com\/tr\/wp-json\/wp\/v2\/product\/6048"}],"collection":[{"href":"https:\/\/rubiscare.com\/tr\/wp-json\/wp\/v2\/product"}],"about":[{"href":"https:\/\/rubiscare.com\/tr\/wp-json\/wp\/v2\/types\/product"}],"replies":[{"embeddable":true,"href":"https:\/\/rubiscare.com\/tr\/wp-json\/wp\/v2\/comments?post=6048"}],"wp:featuredmedia":[{"embeddable":true,"href":"https:\/\/rubiscare.com\/tr\/wp-json\/wp\/v2\/media\/6039"}],"wp:attachment":[{"href":"https:\/\/rubiscare.com\/tr\/wp-json\/wp\/v2\/media?parent=6048"}],"wp:term":[{"taxonomy":"product_cat","embeddable":true,"href":"https:\/\/rubiscare.com\/tr\/wp-json\/wp\/v2\/product_cat?post=6048"},{"taxonomy":"product_tag","embeddable":true,"href":"https:\/\/rubiscare.com\/tr\/wp-json\/wp\/v2\/product_tag?post=6048"}],"curies":[{"name":"wp","href":"https:\/\/api.w.org\/{rel}","templated":true}]}}