{"id":2757,"date":"2020-10-21T12:50:53","date_gmt":"2020-10-21T12:50:53","guid":{"rendered":"https:\/\/rubiscare.com\/?post_type=product&#038;p=2757"},"modified":"2020-10-21T12:50:54","modified_gmt":"2020-10-21T12:50:54","slug":"rubis-antibakteriyel-500-ml-sivi-sabun","status":"publish","type":"product","link":"https:\/\/rubiscare.com\/tr\/urun\/rubis-antibakteriyel-500-ml-sivi-sabun\/","title":{"rendered":"Rubis \u2013 Antibakteriyel 500 ml S\u0131v\u0131 Sabun"},"content":{"rendered":"<p>Pet \u015fi\u015fe i\u00e7erisinde 500 ml s\u0131v\u0131 sabun<\/p>\n<p><strong>Koli i\u00e7inde \u00dcr\u00fcn Adedi:<\/strong><br \/>\n24<\/p>\n<p><strong>Koli A\u011f\u0131rl\u0131\u011f\u0131:<\/strong><br \/>\n12 kg<\/p>\n<p><strong>Barkot:<br \/>\n<\/strong>869 2624 153 402<\/p>\n","protected":false},"excerpt":{"rendered":"<p><strong>VARYANT:<br \/>\n<\/strong>Antibakteriyel<\/p>\n<p><strong>\u00dcR\u00dcN KODU:<br \/>\n<\/strong>RH-2<\/p>\n","protected":false},"featured_media":3913,"comment_status":"open","ping_status":"closed","template":"","meta":[],"product_cat":[762],"product_tag":[],"aioseo_notices":[],"_links":{"self":[{"href":"https:\/\/rubiscare.com\/tr\/wp-json\/wp\/v2\/product\/2757"}],"collection":[{"href":"https:\/\/rubiscare.com\/tr\/wp-json\/wp\/v2\/product"}],"about":[{"href":"https:\/\/rubiscare.com\/tr\/wp-json\/wp\/v2\/types\/product"}],"replies":[{"embeddable":true,"href":"https:\/\/rubiscare.com\/tr\/wp-json\/wp\/v2\/comments?post=2757"}],"wp:featuredmedia":[{"embeddable":true,"href":"https:\/\/rubiscare.com\/tr\/wp-json\/wp\/v2\/media\/3913"}],"wp:attachment":[{"href":"https:\/\/rubiscare.com\/tr\/wp-json\/wp\/v2\/media?parent=2757"}],"wp:term":[{"taxonomy":"product_cat","embeddable":true,"href":"https:\/\/rubiscare.com\/tr\/wp-json\/wp\/v2\/product_cat?post=2757"},{"taxonomy":"product_tag","embeddable":true,"href":"https:\/\/rubiscare.com\/tr\/wp-json\/wp\/v2\/product_tag?post=2757"}],"curies":[{"name":"wp","href":"https:\/\/api.w.org\/{rel}","templated":true}]}}