{"id":2753,"date":"2020-10-21T12:41:16","date_gmt":"2020-10-21T12:41:16","guid":{"rendered":"https:\/\/rubiscare.com\/?post_type=product&#038;p=2753"},"modified":"2020-12-16T13:57:23","modified_gmt":"2020-12-16T13:57:23","slug":"rubis-bebek-bakim-sampuani","status":"publish","type":"product","link":"https:\/\/rubiscare.com\/tr\/urun\/rubis-bebek-bakim-sampuani\/","title":{"rendered":"Rubis &#8211; Bebek Bak\u0131m \u015eampuan\u0131"},"content":{"rendered":"<p>1000 ml polietilen \u015fi\u015fe<\/p>\n<p><strong>Koli i\u00e7inde \u00dcr\u00fcn Adedi:<\/strong><br \/>\n12<\/p>\n<p><strong>Koli A\u011f\u0131rl\u0131\u011f\u0131:<\/strong><br \/>\n12 kg<\/p>\n<p><strong>\u00a0<\/strong><\/p>\n","protected":false},"excerpt":{"rendered":"<p><strong>VARYANT:<br \/>\n<\/strong>Bebek \u015eampuan\u0131<strong><br \/>\n<\/strong><\/p>\n<p><strong>\u00dcR\u00dcN KODU:<br \/>\n<\/strong><\/p>\n<div class=\"product-short-description\">\n<p>BS-02<\/p>\n<\/div>\n","protected":false},"featured_media":2754,"comment_status":"open","ping_status":"closed","template":"","meta":[],"product_cat":[763],"product_tag":[],"aioseo_notices":[],"_links":{"self":[{"href":"https:\/\/rubiscare.com\/tr\/wp-json\/wp\/v2\/product\/2753"}],"collection":[{"href":"https:\/\/rubiscare.com\/tr\/wp-json\/wp\/v2\/product"}],"about":[{"href":"https:\/\/rubiscare.com\/tr\/wp-json\/wp\/v2\/types\/product"}],"replies":[{"embeddable":true,"href":"https:\/\/rubiscare.com\/tr\/wp-json\/wp\/v2\/comments?post=2753"}],"wp:featuredmedia":[{"embeddable":true,"href":"https:\/\/rubiscare.com\/tr\/wp-json\/wp\/v2\/media\/2754"}],"wp:attachment":[{"href":"https:\/\/rubiscare.com\/tr\/wp-json\/wp\/v2\/media?parent=2753"}],"wp:term":[{"taxonomy":"product_cat","embeddable":true,"href":"https:\/\/rubiscare.com\/tr\/wp-json\/wp\/v2\/product_cat?post=2753"},{"taxonomy":"product_tag","embeddable":true,"href":"https:\/\/rubiscare.com\/tr\/wp-json\/wp\/v2\/product_tag?post=2753"}],"curies":[{"name":"wp","href":"https:\/\/api.w.org\/{rel}","templated":true}]}}