{"id":2751,"date":"2020-10-12T13:14:00","date_gmt":"2020-10-21T12:28:10","guid":{"rendered":"https:\/\/rubiscare.com\/?post_type=product&#038;p=2751"},"modified":"2020-10-21T12:28:11","modified_gmt":"2020-10-21T12:28:11","slug":"rubis-900-ml-lavabo-acici-jel","status":"publish","type":"product","link":"https:\/\/rubiscare.com\/tr\/urun\/rubis-900-ml-lavabo-acici-jel\/","title":{"rendered":"Rubis \u2013 900 ml Lavabo A\u00e7\u0131c\u0131 Jel"},"content":{"rendered":"<p>900 ml polietilen \u015fi\u015fe<\/p>\n<p><strong>Koli i\u00e7inde \u00dcr\u00fcn Adedi:<\/strong><br \/>\n12<\/p>\n<p><strong>Koli A\u011f\u0131rl\u0131\u011f\u0131:<\/strong><br \/>\n10,8 kg<\/p>\n<p><strong>Barkot:<br \/>\n<\/strong>869 2624 154 621<\/p>\n","protected":false},"excerpt":{"rendered":"<p><strong>VARYANT:<br \/>\n<\/strong>Lavabo A\u00e7\u0131c\u0131<strong><br \/>\n<\/strong><\/p>\n<p><strong>\u00dcR\u00dcN KODU:<br \/>\n<\/strong>RH-34<\/p>\n","protected":false},"featured_media":2298,"comment_status":"open","ping_status":"closed","template":"","meta":[],"product_cat":[745],"product_tag":[],"aioseo_notices":[],"_links":{"self":[{"href":"https:\/\/rubiscare.com\/tr\/wp-json\/wp\/v2\/product\/2751"}],"collection":[{"href":"https:\/\/rubiscare.com\/tr\/wp-json\/wp\/v2\/product"}],"about":[{"href":"https:\/\/rubiscare.com\/tr\/wp-json\/wp\/v2\/types\/product"}],"replies":[{"embeddable":true,"href":"https:\/\/rubiscare.com\/tr\/wp-json\/wp\/v2\/comments?post=2751"}],"wp:featuredmedia":[{"embeddable":true,"href":"https:\/\/rubiscare.com\/tr\/wp-json\/wp\/v2\/media\/2298"}],"wp:attachment":[{"href":"https:\/\/rubiscare.com\/tr\/wp-json\/wp\/v2\/media?parent=2751"}],"wp:term":[{"taxonomy":"product_cat","embeddable":true,"href":"https:\/\/rubiscare.com\/tr\/wp-json\/wp\/v2\/product_cat?post=2751"},{"taxonomy":"product_tag","embeddable":true,"href":"https:\/\/rubiscare.com\/tr\/wp-json\/wp\/v2\/product_tag?post=2751"}],"curies":[{"name":"wp","href":"https:\/\/api.w.org\/{rel}","templated":true}]}}