{"id":2745,"date":"2020-10-12T14:19:46","date_gmt":"2020-10-21T11:47:02","guid":{"rendered":"https:\/\/rubiscare.com\/?post_type=product&#038;p=2745"},"modified":"2020-10-21T11:47:02","modified_gmt":"2020-10-21T11:47:02","slug":"rubis-1000-ml-yuzey-temizleyici-nar","status":"publish","type":"product","link":"https:\/\/rubiscare.com\/tr\/urun\/rubis-1000-ml-yuzey-temizleyici-nar\/","title":{"rendered":"Rubis &#8211; 1000 ml Y\u00fczey Temizleyici Nar"},"content":{"rendered":"<p>1000 ml polietilen \u015fi\u015fe<\/p>\n<p><strong>Koli i\u00e7inde \u00dcr\u00fcn Adedi:<\/strong><br \/>\n12<\/p>\n<p><strong>Koli A\u011f\u0131rl\u0131\u011f\u0131:<\/strong><br \/>\n12 kg<\/p>\n<p><strong>Barkot:<br \/>\n<\/strong>869 2624 154 591<\/p>\n","protected":false},"excerpt":{"rendered":"<p><strong>VARYANT:<br \/>\n<\/strong>Nar<strong><br \/>\n<\/strong><\/p>\n<p><strong>\u00dcR\u00dcN KODU:<br \/>\n<\/strong>RH30-2<\/p>\n","protected":false},"featured_media":2335,"comment_status":"open","ping_status":"closed","template":"","meta":[],"product_cat":[745],"product_tag":[],"aioseo_notices":[],"_links":{"self":[{"href":"https:\/\/rubiscare.com\/tr\/wp-json\/wp\/v2\/product\/2745"}],"collection":[{"href":"https:\/\/rubiscare.com\/tr\/wp-json\/wp\/v2\/product"}],"about":[{"href":"https:\/\/rubiscare.com\/tr\/wp-json\/wp\/v2\/types\/product"}],"replies":[{"embeddable":true,"href":"https:\/\/rubiscare.com\/tr\/wp-json\/wp\/v2\/comments?post=2745"}],"wp:featuredmedia":[{"embeddable":true,"href":"https:\/\/rubiscare.com\/tr\/wp-json\/wp\/v2\/media\/2335"}],"wp:attachment":[{"href":"https:\/\/rubiscare.com\/tr\/wp-json\/wp\/v2\/media?parent=2745"}],"wp:term":[{"taxonomy":"product_cat","embeddable":true,"href":"https:\/\/rubiscare.com\/tr\/wp-json\/wp\/v2\/product_cat?post=2745"},{"taxonomy":"product_tag","embeddable":true,"href":"https:\/\/rubiscare.com\/tr\/wp-json\/wp\/v2\/product_tag?post=2745"}],"curies":[{"name":"wp","href":"https:\/\/api.w.org\/{rel}","templated":true}]}}