{"id":2743,"date":"2020-10-12T14:34:55","date_gmt":"2020-10-19T14:07:44","guid":{"rendered":"https:\/\/rubiscare.com\/?post_type=product&#038;p=2743"},"modified":"2020-10-19T14:07:44","modified_gmt":"2020-10-19T14:07:44","slug":"rubis-750-ml-antibakteriyel-temizleme-sivisi","status":"publish","type":"product","link":"https:\/\/rubiscare.com\/tr\/urun\/rubis-750-ml-antibakteriyel-temizleme-sivisi\/","title":{"rendered":"RUB\u0130S \u2013 750 ml Antibakteriyel Temizleme S\u0131v\u0131s\u0131"},"content":{"rendered":"<p>750 ml polietilen \u015fi\u015fe<\/p>\n<p><strong>Koli i\u00e7inde \u00dcr\u00fcn Adedi:<\/strong><br \/>\n12<\/p>\n<p><strong>Koli A\u011f\u0131rl\u0131\u011f\u0131:<\/strong><br \/>\n9 kg<\/p>\n<p><strong>Barkot:<br \/>\n<\/strong>8692624154270<\/p>\n","protected":false},"excerpt":{"rendered":"<p><strong>VARYANT:<br \/>\n<\/strong>Antibakteriyel Temizleme S\u0131v\u0131s\u0131<\/p>\n<p><strong>\u00dcR\u00dcN KODU:<br \/>\n<\/strong>RH-29<\/p>\n","protected":false},"featured_media":2342,"comment_status":"open","ping_status":"closed","template":"","meta":[],"product_cat":[745],"product_tag":[],"aioseo_notices":[],"_links":{"self":[{"href":"https:\/\/rubiscare.com\/tr\/wp-json\/wp\/v2\/product\/2743"}],"collection":[{"href":"https:\/\/rubiscare.com\/tr\/wp-json\/wp\/v2\/product"}],"about":[{"href":"https:\/\/rubiscare.com\/tr\/wp-json\/wp\/v2\/types\/product"}],"replies":[{"embeddable":true,"href":"https:\/\/rubiscare.com\/tr\/wp-json\/wp\/v2\/comments?post=2743"}],"wp:featuredmedia":[{"embeddable":true,"href":"https:\/\/rubiscare.com\/tr\/wp-json\/wp\/v2\/media\/2342"}],"wp:attachment":[{"href":"https:\/\/rubiscare.com\/tr\/wp-json\/wp\/v2\/media?parent=2743"}],"wp:term":[{"taxonomy":"product_cat","embeddable":true,"href":"https:\/\/rubiscare.com\/tr\/wp-json\/wp\/v2\/product_cat?post=2743"},{"taxonomy":"product_tag","embeddable":true,"href":"https:\/\/rubiscare.com\/tr\/wp-json\/wp\/v2\/product_tag?post=2743"}],"curies":[{"name":"wp","href":"https:\/\/api.w.org\/{rel}","templated":true}]}}