{"id":2736,"date":"2020-10-12T15:13:23","date_gmt":"2020-10-19T13:38:48","guid":{"rendered":"https:\/\/rubiscare.com\/?post_type=product&#038;p=2736"},"modified":"2020-10-19T13:38:48","modified_gmt":"2020-10-19T13:38:48","slug":"rubis-750-ml-dus-kabini-temizleyici-spreyi","status":"publish","type":"product","link":"https:\/\/rubiscare.com\/tr\/urun\/rubis-750-ml-dus-kabini-temizleyici-spreyi\/","title":{"rendered":"RUB\u0130S &#8211; 750 ml Du\u015f Kabini Temizleyici Spreyi"},"content":{"rendered":"<p>Triger ile 750 ml polietilen \u015fi\u015fe i\u00e7erisinde<\/p>\n<p><strong>Koli i\u00e7inde \u00dcr\u00fcn Adedi:<\/strong><br \/>\n12<\/p>\n<p><strong>Koli A\u011f\u0131rl\u0131\u011f\u0131:<\/strong><br \/>\n9 kg<\/p>\n<p><strong>Barkot:<br \/>\n<\/strong>869 2624 154 539<\/p>\n","protected":false},"excerpt":{"rendered":"<div><\/div>\n<p><strong>VARYANT:<br \/>\n<\/strong>Du\u015f Kabini Temizleyici<strong><br \/>\n<\/strong><\/p>\n<p><strong>\u00dcR\u00dcN KODU:<br \/>\n<\/strong>RH-4<\/p>\n","protected":false},"featured_media":2391,"comment_status":"open","ping_status":"closed","template":"","meta":[],"product_cat":[745],"product_tag":[],"aioseo_notices":[],"_links":{"self":[{"href":"https:\/\/rubiscare.com\/tr\/wp-json\/wp\/v2\/product\/2736"}],"collection":[{"href":"https:\/\/rubiscare.com\/tr\/wp-json\/wp\/v2\/product"}],"about":[{"href":"https:\/\/rubiscare.com\/tr\/wp-json\/wp\/v2\/types\/product"}],"replies":[{"embeddable":true,"href":"https:\/\/rubiscare.com\/tr\/wp-json\/wp\/v2\/comments?post=2736"}],"wp:featuredmedia":[{"embeddable":true,"href":"https:\/\/rubiscare.com\/tr\/wp-json\/wp\/v2\/media\/2391"}],"wp:attachment":[{"href":"https:\/\/rubiscare.com\/tr\/wp-json\/wp\/v2\/media?parent=2736"}],"wp:term":[{"taxonomy":"product_cat","embeddable":true,"href":"https:\/\/rubiscare.com\/tr\/wp-json\/wp\/v2\/product_cat?post=2736"},{"taxonomy":"product_tag","embeddable":true,"href":"https:\/\/rubiscare.com\/tr\/wp-json\/wp\/v2\/product_tag?post=2736"}],"curies":[{"name":"wp","href":"https:\/\/api.w.org\/{rel}","templated":true}]}}