{"id":2731,"date":"2020-10-17T12:21:42","date_gmt":"2020-10-17T12:21:42","guid":{"rendered":"https:\/\/rubiscare.com\/?post_type=product&#038;p=2731"},"modified":"2020-10-17T12:21:42","modified_gmt":"2020-10-17T12:21:42","slug":"rubis-2500-ml-cok-amacli-temizleyici-2","status":"publish","type":"product","link":"https:\/\/rubiscare.com\/tr\/urun\/rubis-2500-ml-cok-amacli-temizleyici-2\/","title":{"rendered":"Rubis \u2013 2500 ml \u00e7ok ama\u00e7l\u0131 temizleyici"},"content":{"rendered":"<p>Polietilen \u015fi\u015fe i\u00e7erisinde 5000 ml \u00e7ok ama\u00e7l\u0131 temizleyici<\/p>\n<p><strong>Koli i\u00e7inde \u00dcr\u00fcn Adedi:<\/strong><br \/>\n4<\/p>\n<p><strong>Koli A\u011f\u0131rl\u0131\u011f\u0131:<\/strong><br \/>\n20 kg<\/p>\n<p><strong>Barkot:<br \/>\n<\/strong>869 2624 153 778<\/p>\n","protected":false},"excerpt":{"rendered":"<div>Zengin i\u00e7eri\u011fi ve ekonomik fiyat\u0131 sayesinde sekt\u00f6rde y\u00fcksek talep g\u00f6rmektedir<\/div>\n<p><strong>VARYANT:<br \/>\n<\/strong>5000 ml \u00e7ok ama\u00e7l\u0131 temizleyici<\/p>\n<p><strong>\u00dcR\u00dcN KODU:<br \/>\n<\/strong>RH16-B<\/p>\n","protected":false},"featured_media":2732,"comment_status":"open","ping_status":"closed","template":"","meta":[],"product_cat":[745],"product_tag":[],"aioseo_notices":[],"_links":{"self":[{"href":"https:\/\/rubiscare.com\/tr\/wp-json\/wp\/v2\/product\/2731"}],"collection":[{"href":"https:\/\/rubiscare.com\/tr\/wp-json\/wp\/v2\/product"}],"about":[{"href":"https:\/\/rubiscare.com\/tr\/wp-json\/wp\/v2\/types\/product"}],"replies":[{"embeddable":true,"href":"https:\/\/rubiscare.com\/tr\/wp-json\/wp\/v2\/comments?post=2731"}],"wp:featuredmedia":[{"embeddable":true,"href":"https:\/\/rubiscare.com\/tr\/wp-json\/wp\/v2\/media\/2732"}],"wp:attachment":[{"href":"https:\/\/rubiscare.com\/tr\/wp-json\/wp\/v2\/media?parent=2731"}],"wp:term":[{"taxonomy":"product_cat","embeddable":true,"href":"https:\/\/rubiscare.com\/tr\/wp-json\/wp\/v2\/product_cat?post=2731"},{"taxonomy":"product_tag","embeddable":true,"href":"https:\/\/rubiscare.com\/tr\/wp-json\/wp\/v2\/product_tag?post=2731"}],"curies":[{"name":"wp","href":"https:\/\/api.w.org\/{rel}","templated":true}]}}