{"id":2728,"date":"2020-06-14T12:33:44","date_gmt":"2020-10-17T12:14:11","guid":{"rendered":"https:\/\/rubiscare.com\/?post_type=product&#038;p=2728"},"modified":"2020-10-17T12:15:16","modified_gmt":"2020-10-17T12:15:16","slug":"rubis-2500-ml-cok-amacli-temizleyici","status":"publish","type":"product","link":"https:\/\/rubiscare.com\/tr\/urun\/rubis-2500-ml-cok-amacli-temizleyici\/","title":{"rendered":"Rubis &#8211; 2500 ml \u00e7ok ama\u00e7l\u0131 temizleyici"},"content":{"rendered":"<p>Polietilen \u015fi\u015fe i\u00e7erisinde 2500 ml \u00e7ok ama\u00e7l\u0131 temizleyici<\/p>\n<p><strong>Koli i\u00e7inde \u00dcr\u00fcn Adedi:<\/strong><br \/>\n5<\/p>\n<p><strong>Koli A\u011f\u0131rl\u0131\u011f\u0131:<\/strong><br \/>\n12,5 kg<\/p>\n<p><strong>Barkot:<br \/>\n<\/strong>869 2624 153 563<\/p>\n","protected":false},"excerpt":{"rendered":"<div>Zengin i\u00e7eri\u011fi ve ekonomik fiyat\u0131 sayesinde sekt\u00f6rde y\u00fcksek talep g\u00f6rmektedir<\/div>\n<p><strong>VARYANT:<br \/>\n<\/strong>2500 ml \u00e7ok ama\u00e7l\u0131 temizleyici<\/p>\n<p><strong>\u00dcR\u00dcN KODU:<br \/>\n<\/strong>RH-16<\/p>\n","protected":false},"featured_media":2729,"comment_status":"open","ping_status":"closed","template":"","meta":[],"product_cat":[745],"product_tag":[],"aioseo_notices":[],"_links":{"self":[{"href":"https:\/\/rubiscare.com\/tr\/wp-json\/wp\/v2\/product\/2728"}],"collection":[{"href":"https:\/\/rubiscare.com\/tr\/wp-json\/wp\/v2\/product"}],"about":[{"href":"https:\/\/rubiscare.com\/tr\/wp-json\/wp\/v2\/types\/product"}],"replies":[{"embeddable":true,"href":"https:\/\/rubiscare.com\/tr\/wp-json\/wp\/v2\/comments?post=2728"}],"wp:featuredmedia":[{"embeddable":true,"href":"https:\/\/rubiscare.com\/tr\/wp-json\/wp\/v2\/media\/2729"}],"wp:attachment":[{"href":"https:\/\/rubiscare.com\/tr\/wp-json\/wp\/v2\/media?parent=2728"}],"wp:term":[{"taxonomy":"product_cat","embeddable":true,"href":"https:\/\/rubiscare.com\/tr\/wp-json\/wp\/v2\/product_cat?post=2728"},{"taxonomy":"product_tag","embeddable":true,"href":"https:\/\/rubiscare.com\/tr\/wp-json\/wp\/v2\/product_tag?post=2728"}],"curies":[{"name":"wp","href":"https:\/\/api.w.org\/{rel}","templated":true}]}}