{"id":2708,"date":"2020-10-17T11:44:44","date_gmt":"2020-10-17T11:44:44","guid":{"rendered":"https:\/\/rubiscare.com\/?post_type=product&#038;p=2708"},"modified":"2021-01-12T15:07:22","modified_gmt":"2021-01-12T15:07:22","slug":"rubis-500-ml-sivi-sabun","status":"publish","type":"product","link":"https:\/\/rubiscare.com\/tr\/urun\/rubis-500-ml-sivi-sabun\/","title":{"rendered":"Rubis &#8211; 500 ml S\u0131v\u0131 Sabun"},"content":{"rendered":"<p>Pet \u015fi\u015fe i\u00e7erisinde 500 ml s\u0131v\u0131 sabun<\/p>\n<p><strong>Koli i\u00e7inde \u00dcr\u00fcn Adedi:<\/strong><br \/>\n24<\/p>\n<p><strong>Koli A\u011f\u0131rl\u0131\u011f\u0131:<\/strong><br \/>\n12 kg<\/p>\n<p><strong>Barkot:<br \/>\n<\/strong>Lavanta : 8692624153365<br \/>\nZeytin Ya\u011f\u0131 : 8692624153372<br \/>\nOkyanus Tazeli\u011fi : 8692624153389<br \/>\nAloe Vera: 8692624153396<br \/>\nG\u00fcl : 8692624153419<\/p>\n","protected":false},"excerpt":{"rendered":"<div>\u00a0Kir ve k\u00f6t\u00fc mikroorganizmalar\u0131 ar\u0131nd\u0131r\u0131r. \u015eimdi ise meyve \u00f6zl\u00fc \u00e7e\u015fitleriyle sizlerle<\/div>\n<p><strong>VARYANT:<br \/>\n<\/strong>Lavanta, Zeytin Ya\u011f\u0131, Okyanus Tazeli\u011fi, Aloe Vera, G\u00fcl<\/p>\n<p><strong>\u00dcR\u00dcN KODU:<br \/>\n<\/strong>RH-2<\/p>\n","protected":false},"featured_media":3907,"comment_status":"open","ping_status":"closed","template":"","meta":[],"product_cat":[759],"product_tag":[],"aioseo_notices":[],"_links":{"self":[{"href":"https:\/\/rubiscare.com\/tr\/wp-json\/wp\/v2\/product\/2708"}],"collection":[{"href":"https:\/\/rubiscare.com\/tr\/wp-json\/wp\/v2\/product"}],"about":[{"href":"https:\/\/rubiscare.com\/tr\/wp-json\/wp\/v2\/types\/product"}],"replies":[{"embeddable":true,"href":"https:\/\/rubiscare.com\/tr\/wp-json\/wp\/v2\/comments?post=2708"}],"wp:featuredmedia":[{"embeddable":true,"href":"https:\/\/rubiscare.com\/tr\/wp-json\/wp\/v2\/media\/3907"}],"wp:attachment":[{"href":"https:\/\/rubiscare.com\/tr\/wp-json\/wp\/v2\/media?parent=2708"}],"wp:term":[{"taxonomy":"product_cat","embeddable":true,"href":"https:\/\/rubiscare.com\/tr\/wp-json\/wp\/v2\/product_cat?post=2708"},{"taxonomy":"product_tag","embeddable":true,"href":"https:\/\/rubiscare.com\/tr\/wp-json\/wp\/v2\/product_tag?post=2708"}],"curies":[{"name":"wp","href":"https:\/\/api.w.org\/{rel}","templated":true}]}}