{"id":2703,"date":"2020-10-17T11:30:40","date_gmt":"2020-10-17T11:30:40","guid":{"rendered":"https:\/\/rubiscare.com\/?post_type=product&#038;p=2703"},"modified":"2020-10-17T11:30:41","modified_gmt":"2020-10-17T11:30:41","slug":"rubis-1500-ml-camasir-deterjani","status":"publish","type":"product","link":"https:\/\/rubiscare.com\/tr\/urun\/rubis-1500-ml-camasir-deterjani\/","title":{"rendered":"Rubis &#8211; 1500 ml \u00c7ama\u015f\u0131r  Deterjan\u0131"},"content":{"rendered":"<p>Plastik \u015fi\u015fe i\u00e7erisinde 1500 ml \u00e7ama\u015f\u0131r y\u0131kama deterjan\u0131<\/p>\n<p><strong>Koli i\u00e7inde \u00dcr\u00fcn Adedi:<\/strong><br \/>\n8<\/p>\n<p><strong>Koli A\u011f\u0131rl\u0131\u011f\u0131:<\/strong><br \/>\n12 kg<\/p>\n<p><strong>Barkot:<br \/>\n<\/strong>869 2624 153 488<\/p>\n","protected":false},"excerpt":{"rendered":"<div>Y\u00fcn ve ipek, bebek giysileri ve nevresim gibi her t\u00fcrl\u00fc kuma\u015f\u0131 yumu\u015fat\u0131r. Ho\u015f koku b\u0131rak\u0131r. Kolay \u00fct\u00fcleme sa\u011flar.<\/div>\n<p><strong>VARYANT:<br \/>\n<\/strong>1500 ml \u00e7ama\u015f\u0131r deterjan\u0131<\/p>\n<p><strong>\u00dcR\u00dcN KODU:<br \/>\n<\/strong>RH-8<\/p>\n","protected":false},"featured_media":2704,"comment_status":"open","ping_status":"closed","template":"","meta":[],"product_cat":[748],"product_tag":[],"aioseo_notices":[],"_links":{"self":[{"href":"https:\/\/rubiscare.com\/tr\/wp-json\/wp\/v2\/product\/2703"}],"collection":[{"href":"https:\/\/rubiscare.com\/tr\/wp-json\/wp\/v2\/product"}],"about":[{"href":"https:\/\/rubiscare.com\/tr\/wp-json\/wp\/v2\/types\/product"}],"replies":[{"embeddable":true,"href":"https:\/\/rubiscare.com\/tr\/wp-json\/wp\/v2\/comments?post=2703"}],"wp:featuredmedia":[{"embeddable":true,"href":"https:\/\/rubiscare.com\/tr\/wp-json\/wp\/v2\/media\/2704"}],"wp:attachment":[{"href":"https:\/\/rubiscare.com\/tr\/wp-json\/wp\/v2\/media?parent=2703"}],"wp:term":[{"taxonomy":"product_cat","embeddable":true,"href":"https:\/\/rubiscare.com\/tr\/wp-json\/wp\/v2\/product_cat?post=2703"},{"taxonomy":"product_tag","embeddable":true,"href":"https:\/\/rubiscare.com\/tr\/wp-json\/wp\/v2\/product_tag?post=2703"}],"curies":[{"name":"wp","href":"https:\/\/api.w.org\/{rel}","templated":true}]}}