{"id":2700,"date":"2020-10-17T10:56:30","date_gmt":"2020-10-17T10:56:30","guid":{"rendered":"https:\/\/rubiscare.com\/?post_type=product&#038;p=2700"},"modified":"2020-10-17T10:56:30","modified_gmt":"2020-10-17T10:56:30","slug":"rubis-1500-ml-konsantre-yumusatici-camasir-deterjani","status":"publish","type":"product","link":"https:\/\/rubiscare.com\/tr\/urun\/rubis-1500-ml-konsantre-yumusatici-camasir-deterjani\/","title":{"rendered":"Rubis \u2013 1500 ml Konsantre Yumu\u015fat\u0131c\u0131 \u00c7ama\u015f\u0131r Deterjan\u0131"},"content":{"rendered":"<p>Polietilen \u015fi\u015fe i\u00e7erisinde 1500 ml yumu\u015fat\u0131c\u0131 \u00e7ama\u015f\u0131r deterjan\u0131<\/p>\n<p><strong>Koli i\u00e7inde \u00dcr\u00fcn Adedi:<\/strong><br \/>\n13,5<\/p>\n<p><strong>Koli A\u011f\u0131rl\u0131\u011f\u0131:<\/strong><br \/>\n9 kg<\/p>\n<p><strong>Barkot:<br \/>\n<\/strong>869 2624 153 860<br \/>\n869 2624 153 594<\/p>\n","protected":false},"excerpt":{"rendered":"<div>Y\u00fcn ve ipek, bebek giysileri ve nevresim gibi her t\u00fcrl\u00fc kuma\u015f\u0131 yumu\u015fat\u0131r. Ho\u015f koku b\u0131rak\u0131r. Kolay \u00fct\u00fcleme sa\u011flar.<\/div>\n<p><strong>VARYANT:<br \/>\n<\/strong>Original Fresh, Floral Fresh<\/p>\n<p><strong>\u00dcR\u00dcN KODU:<br \/>\n<\/strong>RH19<\/p>\n","protected":false},"featured_media":2701,"comment_status":"open","ping_status":"closed","template":"","meta":[],"product_cat":[745],"product_tag":[],"aioseo_notices":[],"_links":{"self":[{"href":"https:\/\/rubiscare.com\/tr\/wp-json\/wp\/v2\/product\/2700"}],"collection":[{"href":"https:\/\/rubiscare.com\/tr\/wp-json\/wp\/v2\/product"}],"about":[{"href":"https:\/\/rubiscare.com\/tr\/wp-json\/wp\/v2\/types\/product"}],"replies":[{"embeddable":true,"href":"https:\/\/rubiscare.com\/tr\/wp-json\/wp\/v2\/comments?post=2700"}],"wp:featuredmedia":[{"embeddable":true,"href":"https:\/\/rubiscare.com\/tr\/wp-json\/wp\/v2\/media\/2701"}],"wp:attachment":[{"href":"https:\/\/rubiscare.com\/tr\/wp-json\/wp\/v2\/media?parent=2700"}],"wp:term":[{"taxonomy":"product_cat","embeddable":true,"href":"https:\/\/rubiscare.com\/tr\/wp-json\/wp\/v2\/product_cat?post=2700"},{"taxonomy":"product_tag","embeddable":true,"href":"https:\/\/rubiscare.com\/tr\/wp-json\/wp\/v2\/product_tag?post=2700"}],"curies":[{"name":"wp","href":"https:\/\/api.w.org\/{rel}","templated":true}]}}