{"id":2697,"date":"2020-06-15T06:22:05","date_gmt":"2020-10-17T10:52:17","guid":{"rendered":"https:\/\/rubiscare.com\/?post_type=product&#038;p=2697"},"modified":"2020-10-17T10:52:17","modified_gmt":"2020-10-17T10:52:17","slug":"rubis-konsantre-yumusatici-camasir-deterjani-2000-ml","status":"publish","type":"product","link":"https:\/\/rubiscare.com\/tr\/urun\/rubis-konsantre-yumusatici-camasir-deterjani-2000-ml\/","title":{"rendered":"Rubis \u2013 Konsantre Yumu\u015fat\u0131c\u0131 \u00c7ama\u015f\u0131r Deterjan\u0131 2000 ml"},"content":{"rendered":"<p>Plastik \u015fi\u015fe i\u00e7erisinde 2000 ml yumu\u015fat\u0131c\u0131 \u00e7ama\u015f\u0131r deterjan\u0131<\/p>\n<p><strong>Koli Adet Say\u0131s\u0131:<\/strong><br \/>\n16<\/p>\n<p><strong>Koli A\u011f\u0131rl\u0131\u011f\u0131:<\/strong><br \/>\n8 kg<\/p>\n<p><strong>Barkod:<br \/>\n<\/strong>869 2624 154 010<br \/>\n869 2624 154 003<\/p>\n","protected":false},"excerpt":{"rendered":"<p>Y\u00fcn ve ipek, bebek giysileri ve nevresim gibi her t\u00fcrl\u00fc kuma\u015f\u0131 yumu\u015fat\u0131r. Ho\u015f koku b\u0131rak\u0131r. Kolay \u00fct\u00fcleme sa\u011flar.<\/p>\n<p><strong>Varyant:<br \/>\n<\/strong>2000 ml yumu\u015fat\u0131c\u0131 \u00e7ama\u015f\u0131r deterjan\u0131<\/p>\n<p><strong>\u00dcr\u00fcn Kodu:<br \/>\n<\/strong>RH-20<\/p>\n","protected":false},"featured_media":4300,"comment_status":"open","ping_status":"closed","template":"","meta":[],"product_cat":[745],"product_tag":[],"aioseo_notices":[],"_links":{"self":[{"href":"https:\/\/rubiscare.com\/tr\/wp-json\/wp\/v2\/product\/2697"}],"collection":[{"href":"https:\/\/rubiscare.com\/tr\/wp-json\/wp\/v2\/product"}],"about":[{"href":"https:\/\/rubiscare.com\/tr\/wp-json\/wp\/v2\/types\/product"}],"replies":[{"embeddable":true,"href":"https:\/\/rubiscare.com\/tr\/wp-json\/wp\/v2\/comments?post=2697"}],"wp:featuredmedia":[{"embeddable":true,"href":"https:\/\/rubiscare.com\/tr\/wp-json\/wp\/v2\/media\/4300"}],"wp:attachment":[{"href":"https:\/\/rubiscare.com\/tr\/wp-json\/wp\/v2\/media?parent=2697"}],"wp:term":[{"taxonomy":"product_cat","embeddable":true,"href":"https:\/\/rubiscare.com\/tr\/wp-json\/wp\/v2\/product_cat?post=2697"},{"taxonomy":"product_tag","embeddable":true,"href":"https:\/\/rubiscare.com\/tr\/wp-json\/wp\/v2\/product_tag?post=2697"}],"curies":[{"name":"wp","href":"https:\/\/api.w.org\/{rel}","templated":true}]}}