{"id":2680,"date":"2020-10-17T10:16:49","date_gmt":"2020-10-17T10:16:49","guid":{"rendered":"https:\/\/rubiscare.com\/?post_type=product&#038;p=2680"},"modified":"2020-10-17T10:17:21","modified_gmt":"2020-10-17T10:17:21","slug":"rubis-400-ml-vucut-temizleme","status":"publish","type":"product","link":"https:\/\/rubiscare.com\/tr\/urun\/rubis-400-ml-vucut-temizleme\/","title":{"rendered":"Rubis &#8211; 400 ml V\u00fccut Temizleme"},"content":{"rendered":"<p>Pet \u015fi\u015fede 400 ml s\u0131v\u0131 v\u00fccut temizleme<\/p>\n<p><strong>Koli i\u00e7inde \u00dcr\u00fcn Adedi:<\/strong><br \/>\n12<\/p>\n<p><strong>Koli A\u011f\u0131rl\u0131\u011f\u0131:<\/strong><br \/>\n6 kg<\/p>\n<p><strong>Barkot:<br \/>\n<\/strong>Zeytin Ya\u011f\u0131: 8692624150692<br \/>\nLavanta: 8692624150654<br \/>\nHindistan Cevizi: 8692624150739<br \/>\nArgan: 8692624150616<\/p>\n","protected":false},"excerpt":{"rendered":"<p>Cildinizi muhte\u015fem temizleyici \u00e7e\u015fitlerimizle du\u015fta \u015f\u0131mart\u0131n<\/p>\n<p><strong>VARYANT:<br \/>\n<\/strong>Hindistan Cevizi, Zeytin Ya\u011f\u0131, Lavanta, Argan<\/p>\n<p><strong>\u00dcR\u00dcN KODU:<br \/>\n<\/strong>K003<\/p>\n","protected":false},"featured_media":2685,"comment_status":"open","ping_status":"closed","template":"","meta":[],"product_cat":[744],"product_tag":[],"aioseo_notices":[],"_links":{"self":[{"href":"https:\/\/rubiscare.com\/tr\/wp-json\/wp\/v2\/product\/2680"}],"collection":[{"href":"https:\/\/rubiscare.com\/tr\/wp-json\/wp\/v2\/product"}],"about":[{"href":"https:\/\/rubiscare.com\/tr\/wp-json\/wp\/v2\/types\/product"}],"replies":[{"embeddable":true,"href":"https:\/\/rubiscare.com\/tr\/wp-json\/wp\/v2\/comments?post=2680"}],"wp:featuredmedia":[{"embeddable":true,"href":"https:\/\/rubiscare.com\/tr\/wp-json\/wp\/v2\/media\/2685"}],"wp:attachment":[{"href":"https:\/\/rubiscare.com\/tr\/wp-json\/wp\/v2\/media?parent=2680"}],"wp:term":[{"taxonomy":"product_cat","embeddable":true,"href":"https:\/\/rubiscare.com\/tr\/wp-json\/wp\/v2\/product_cat?post=2680"},{"taxonomy":"product_tag","embeddable":true,"href":"https:\/\/rubiscare.com\/tr\/wp-json\/wp\/v2\/product_tag?post=2680"}],"curies":[{"name":"wp","href":"https:\/\/api.w.org\/{rel}","templated":true}]}}