{"id":2671,"date":"2020-10-17T10:13:12","date_gmt":"2020-10-17T10:13:12","guid":{"rendered":"https:\/\/rubiscare.com\/?post_type=product&#038;p=2671"},"modified":"2020-10-17T10:18:24","modified_gmt":"2020-10-17T10:18:24","slug":"rubis-400-ml-sampuan","status":"publish","type":"product","link":"https:\/\/rubiscare.com\/tr\/urun\/rubis-400-ml-sampuan\/","title":{"rendered":"Rubis &#8211; 400 ml \u015eampuan"},"content":{"rendered":"<p>Pet \u015fi\u015fede 400 ml s\u0131v\u0131 \u015fampuan<\/p>\n<p><strong>Koli i\u00e7inde \u00dcr\u00fcn Adedi:<\/strong><br \/>\n12<\/p>\n<p><strong>Koli A\u011f\u0131rl\u0131\u011f\u0131:<\/strong><br \/>\n6 kg<\/p>\n<p><strong>Barkot:<br \/>\n<\/strong>Argan: 8692624150609<br \/>\nZeytin Ya\u011f\u0131: 8692624150685<br \/>\nLavanta: 8692624150647<br \/>\nHindistan Cevizi: 8692624150722<\/p>\n","protected":false},"excerpt":{"rendered":"<p>\u00dcr\u00fcn\u00fc sa\u00e7\u0131n\u0131za \u0131slak iken uygulay\u0131n, sa\u00e7 diplerine masaj yap\u0131n ve durulay\u0131n<\/p>\n<p><strong>VARYANT:<br \/>\n<\/strong>Hindistan Cevizi, Zeytin Ya\u011f\u0131, Lavanta, Argan<\/p>\n<p><strong>\u00dcR\u00dcN KODU:<br \/>\n<\/strong>K004<\/p>\n","protected":false},"featured_media":2678,"comment_status":"open","ping_status":"closed","template":"","meta":[],"product_cat":[744],"product_tag":[],"aioseo_notices":[],"_links":{"self":[{"href":"https:\/\/rubiscare.com\/tr\/wp-json\/wp\/v2\/product\/2671"}],"collection":[{"href":"https:\/\/rubiscare.com\/tr\/wp-json\/wp\/v2\/product"}],"about":[{"href":"https:\/\/rubiscare.com\/tr\/wp-json\/wp\/v2\/types\/product"}],"replies":[{"embeddable":true,"href":"https:\/\/rubiscare.com\/tr\/wp-json\/wp\/v2\/comments?post=2671"}],"wp:featuredmedia":[{"embeddable":true,"href":"https:\/\/rubiscare.com\/tr\/wp-json\/wp\/v2\/media\/2678"}],"wp:attachment":[{"href":"https:\/\/rubiscare.com\/tr\/wp-json\/wp\/v2\/media?parent=2671"}],"wp:term":[{"taxonomy":"product_cat","embeddable":true,"href":"https:\/\/rubiscare.com\/tr\/wp-json\/wp\/v2\/product_cat?post=2671"},{"taxonomy":"product_tag","embeddable":true,"href":"https:\/\/rubiscare.com\/tr\/wp-json\/wp\/v2\/product_tag?post=2671"}],"curies":[{"name":"wp","href":"https:\/\/api.w.org\/{rel}","templated":true}]}}