{"id":2662,"date":"2020-10-17T10:10:31","date_gmt":"2020-10-17T10:10:31","guid":{"rendered":"https:\/\/rubiscare.com\/?post_type=product&#038;p=2662"},"modified":"2020-10-17T10:10:31","modified_gmt":"2020-10-17T10:10:31","slug":"rubis-400-ml-sac-kremi","status":"publish","type":"product","link":"https:\/\/rubiscare.com\/tr\/urun\/rubis-400-ml-sac-kremi\/","title":{"rendered":"Rubis &#8211; 400 ml Sa\u00e7 Kremi"},"content":{"rendered":"<p>Pet \u015fi\u015fede 400 ml s\u0131v\u0131 sa\u00e7 kremi<\/p>\n<p><strong>Koli i\u00e7inde \u00dcr\u00fcn Adedi:<\/strong><br \/>\n12<\/p>\n<p><strong>Koli A\u011f\u0131rl\u0131\u011f\u0131:<\/strong><br \/>\n6 kg<\/p>\n<p><strong>Barkot:<br \/>\n<\/strong>Argan: 8692624150623<br \/>\nZeytin Ya\u011f\u0131: 8692624150708<br \/>\nLavanta: 8692624150661<br \/>\nHindistan Cevizi: 8692624150739<\/p>\n","protected":false},"excerpt":{"rendered":"<p>Kuru ve hasarl\u0131 sa\u00e7lar\u0131n\u0131z\u0131, g\u00fc\u00e7l\u00fc ve parlak hale d\u00f6n\u00fc\u015ft\u00fcr\u00fcr<\/p>\n<p><strong>VARYANT:<br \/>\n<\/strong>Hindistan Cevizi, Zeytin Ya\u011f\u0131, Lavanta, Argan<\/p>\n<p><strong>\u00dcR\u00dcN KODU:<br \/>\n<\/strong>K005<\/p>\n","protected":false},"featured_media":2668,"comment_status":"open","ping_status":"closed","template":"","meta":[],"product_cat":[744],"product_tag":[],"aioseo_notices":[],"_links":{"self":[{"href":"https:\/\/rubiscare.com\/tr\/wp-json\/wp\/v2\/product\/2662"}],"collection":[{"href":"https:\/\/rubiscare.com\/tr\/wp-json\/wp\/v2\/product"}],"about":[{"href":"https:\/\/rubiscare.com\/tr\/wp-json\/wp\/v2\/types\/product"}],"replies":[{"embeddable":true,"href":"https:\/\/rubiscare.com\/tr\/wp-json\/wp\/v2\/comments?post=2662"}],"wp:featuredmedia":[{"embeddable":true,"href":"https:\/\/rubiscare.com\/tr\/wp-json\/wp\/v2\/media\/2668"}],"wp:attachment":[{"href":"https:\/\/rubiscare.com\/tr\/wp-json\/wp\/v2\/media?parent=2662"}],"wp:term":[{"taxonomy":"product_cat","embeddable":true,"href":"https:\/\/rubiscare.com\/tr\/wp-json\/wp\/v2\/product_cat?post=2662"},{"taxonomy":"product_tag","embeddable":true,"href":"https:\/\/rubiscare.com\/tr\/wp-json\/wp\/v2\/product_tag?post=2662"}],"curies":[{"name":"wp","href":"https:\/\/api.w.org\/{rel}","templated":true}]}}