{"id":2647,"date":"2020-10-17T10:04:49","date_gmt":"2020-10-17T10:04:49","guid":{"rendered":"https:\/\/rubiscare.com\/?post_type=product&#038;p=2647"},"modified":"2020-10-17T10:05:09","modified_gmt":"2020-10-17T10:05:09","slug":"rubis-250-ml-el-ve-vucut-losyonu","status":"publish","type":"product","link":"https:\/\/rubiscare.com\/tr\/urun\/rubis-250-ml-el-ve-vucut-losyonu\/","title":{"rendered":"Rubis &#8211; 250 ml El ve V\u00fccut Losyonu"},"content":{"rendered":"<p>Plastik \u015fi\u015fede 250 ml s\u0131v\u0131 el ve v\u00fccut losyonu<\/p>\n<p><strong>Koli i\u00e7inde \u00dcr\u00fcn Adedi:<\/strong><br \/>\n24<\/p>\n<p><strong>Koli A\u011f\u0131rl\u0131\u011f\u0131:<\/strong><br \/>\n7 kg<\/p>\n<p><strong>Barkot:<br \/>\n<\/strong>Hindistan Cevizi: 8692624150753<br \/>\nZeytin Ya\u011f\u0131 : 8692624150715<br \/>\nLavanta: 8692624150678<br \/>\nArgan: 8692624150630<\/p>\n","protected":false},"excerpt":{"rendered":"<p>Cildinize hassas koku b\u0131rakan \u00f6zel form\u00fcl\u00fcm\u00fcz\u00fc g\u00fcn\u00fcn her saati kullanabilirsiniz<\/p>\n<p><strong>VARYANT:<br \/>\n<\/strong>Hindistan Cevizi, Zeytin Ya\u011f\u0131, Lavanta, Argan<\/p>\n<p><strong>\u00dcR\u00dcN KODU:<br \/>\n<\/strong>K001<\/p>\n","protected":false},"featured_media":2660,"comment_status":"open","ping_status":"closed","template":"","meta":[],"product_cat":[744],"product_tag":[],"aioseo_notices":[],"_links":{"self":[{"href":"https:\/\/rubiscare.com\/tr\/wp-json\/wp\/v2\/product\/2647"}],"collection":[{"href":"https:\/\/rubiscare.com\/tr\/wp-json\/wp\/v2\/product"}],"about":[{"href":"https:\/\/rubiscare.com\/tr\/wp-json\/wp\/v2\/types\/product"}],"replies":[{"embeddable":true,"href":"https:\/\/rubiscare.com\/tr\/wp-json\/wp\/v2\/comments?post=2647"}],"wp:featuredmedia":[{"embeddable":true,"href":"https:\/\/rubiscare.com\/tr\/wp-json\/wp\/v2\/media\/2660"}],"wp:attachment":[{"href":"https:\/\/rubiscare.com\/tr\/wp-json\/wp\/v2\/media?parent=2647"}],"wp:term":[{"taxonomy":"product_cat","embeddable":true,"href":"https:\/\/rubiscare.com\/tr\/wp-json\/wp\/v2\/product_cat?post=2647"},{"taxonomy":"product_tag","embeddable":true,"href":"https:\/\/rubiscare.com\/tr\/wp-json\/wp\/v2\/product_tag?post=2647"}],"curies":[{"name":"wp","href":"https:\/\/api.w.org\/{rel}","templated":true}]}}