{"id":2644,"date":"2020-06-16T08:34:17","date_gmt":"2020-10-17T08:44:47","guid":{"rendered":"https:\/\/rubiscare.com\/?post_type=product&#038;p=2644"},"modified":"2020-10-17T08:44:47","modified_gmt":"2020-10-17T08:44:47","slug":"rubis-100-gr-gofret-pakette-antibakteriyel-kati-sabun","status":"publish","type":"product","link":"https:\/\/rubiscare.com\/tr\/urun\/rubis-100-gr-gofret-pakette-antibakteriyel-kati-sabun\/","title":{"rendered":"Rubis &#8211; 100 gr Gofret Pakette Antibakteriyel Kat\u0131 Sabun"},"content":{"rendered":"<p>100 gr gofret pakette tek sabun<\/p>\n<p><strong>Koli i\u00e7inde \u00dcr\u00fcn Adedi:<\/strong><br \/>\n96<\/p>\n<p><strong>Koli A\u011f\u0131rl\u0131\u011f\u0131:<\/strong><br \/>\n9,6 kg<\/p>\n<p><strong>Barkot:<br \/>\n<\/strong>Antibakteriyel: 869 2624151354<\/p>\n","protected":false},"excerpt":{"rendered":"<p>Bakteri ve mikroplar\u0131n ortadan kald\u0131r\u0131lmas\u0131na yard\u0131mc\u0131 olan kimyasal bile\u015fenler i\u00e7erir<\/p>\n<p><strong>VARYANT:<br \/>\n<\/strong>Antibakteriyel<\/p>\n<p><strong>\u00dcR\u00dcN KODU:<br \/>\n<\/strong>C071<\/p>\n","protected":false},"featured_media":4338,"comment_status":"open","ping_status":"closed","template":"","meta":[],"product_cat":[762],"product_tag":[],"aioseo_notices":[],"_links":{"self":[{"href":"https:\/\/rubiscare.com\/tr\/wp-json\/wp\/v2\/product\/2644"}],"collection":[{"href":"https:\/\/rubiscare.com\/tr\/wp-json\/wp\/v2\/product"}],"about":[{"href":"https:\/\/rubiscare.com\/tr\/wp-json\/wp\/v2\/types\/product"}],"replies":[{"embeddable":true,"href":"https:\/\/rubiscare.com\/tr\/wp-json\/wp\/v2\/comments?post=2644"}],"wp:featuredmedia":[{"embeddable":true,"href":"https:\/\/rubiscare.com\/tr\/wp-json\/wp\/v2\/media\/4338"}],"wp:attachment":[{"href":"https:\/\/rubiscare.com\/tr\/wp-json\/wp\/v2\/media?parent=2644"}],"wp:term":[{"taxonomy":"product_cat","embeddable":true,"href":"https:\/\/rubiscare.com\/tr\/wp-json\/wp\/v2\/product_cat?post=2644"},{"taxonomy":"product_tag","embeddable":true,"href":"https:\/\/rubiscare.com\/tr\/wp-json\/wp\/v2\/product_tag?post=2644"}],"curies":[{"name":"wp","href":"https:\/\/api.w.org\/{rel}","templated":true}]}}