{"id":2640,"date":"2020-06-14T14:25:47","date_gmt":"2020-10-17T08:41:01","guid":{"rendered":"https:\/\/rubiscare.com\/?post_type=product&#038;p=2640"},"modified":"2022-06-30T12:29:48","modified_gmt":"2022-06-30T12:29:48","slug":"rubis-125-gr-antibacterial-kagit-sargida-kati-sabun","status":"publish","type":"product","link":"https:\/\/rubiscare.com\/tr\/urun\/rubis-125-gr-antibacterial-kagit-sargida-kati-sabun\/","title":{"rendered":"Rubis &#8211; 125 gr Antibacterial Ka\u011f\u0131t Sarg\u0131da Kat\u0131 Sabun"},"content":{"rendered":"<p>100 gr gofret pakette tek bebek sabunu<\/p>\n<p><strong>Koli i\u00e7inde \u00dcr\u00fcn Adedi:<\/strong><br \/>\n72<\/p>\n<p><strong>Koli A\u011f\u0131rl\u0131\u011f\u0131:<\/strong><br \/>\n9 kg<\/p>\n<p><strong>Barkot:\u00a0\u00a0<\/strong><\/p>\n<p>869 2624 151 354<br \/>\n869 2624 151 378<br \/>\n869 2624 151 361<\/p>\n","protected":false},"excerpt":{"rendered":"<p>Bakteri ve mikroplar\u0131n ortadan kald\u0131r\u0131lmas\u0131na yard\u0131mc\u0131 olan kimyasal bile\u015fenler i\u00e7erir<\/p>\n<p><strong>VARYANT:<br \/>\n<\/strong>Antibakteriyel<\/p>\n<p><strong>\u00dcR\u00dcN KODU:<br \/>\n<\/strong>C072<\/p>\n","protected":false},"featured_media":2643,"comment_status":"open","ping_status":"closed","template":"","meta":[],"product_cat":[762],"product_tag":[],"aioseo_notices":[],"_links":{"self":[{"href":"https:\/\/rubiscare.com\/tr\/wp-json\/wp\/v2\/product\/2640"}],"collection":[{"href":"https:\/\/rubiscare.com\/tr\/wp-json\/wp\/v2\/product"}],"about":[{"href":"https:\/\/rubiscare.com\/tr\/wp-json\/wp\/v2\/types\/product"}],"replies":[{"embeddable":true,"href":"https:\/\/rubiscare.com\/tr\/wp-json\/wp\/v2\/comments?post=2640"}],"wp:featuredmedia":[{"embeddable":true,"href":"https:\/\/rubiscare.com\/tr\/wp-json\/wp\/v2\/media\/2643"}],"wp:attachment":[{"href":"https:\/\/rubiscare.com\/tr\/wp-json\/wp\/v2\/media?parent=2640"}],"wp:term":[{"taxonomy":"product_cat","embeddable":true,"href":"https:\/\/rubiscare.com\/tr\/wp-json\/wp\/v2\/product_cat?post=2640"},{"taxonomy":"product_tag","embeddable":true,"href":"https:\/\/rubiscare.com\/tr\/wp-json\/wp\/v2\/product_tag?post=2640"}],"curies":[{"name":"wp","href":"https:\/\/api.w.org\/{rel}","templated":true}]}}