{"id":2632,"date":"2020-10-17T08:35:38","date_gmt":"2020-10-17T08:35:38","guid":{"rendered":"https:\/\/rubiscare.com\/?post_type=product&#038;p=2632"},"modified":"2020-10-17T08:37:22","modified_gmt":"2020-10-17T08:37:22","slug":"rubis-125-gr-kagit-sargida-antibakteriyel-kati-sabun","status":"publish","type":"product","link":"https:\/\/rubiscare.com\/tr\/urun\/rubis-125-gr-kagit-sargida-antibakteriyel-kati-sabun\/","title":{"rendered":"Rubis &#8211; 125 gr Ka\u011f\u0131t Sarg\u0131da Antibakteriyel Kat\u0131 Sabun"},"content":{"rendered":"<p>Karton kutu i\u00e7inde 150 gr tek sabun.<\/p>\n<p><strong>Koli i\u00e7inde \u00dcr\u00fcn Adedi:<\/strong><br \/>\n48<\/p>\n<p><strong>Koli A\u011f\u0131rl\u0131\u011f\u0131:<\/strong><br \/>\n6 kg<\/p>\n<p><strong>Barkot:<br \/>\n<\/strong>Antibakteriyel: 8692624152757<\/p>\n","protected":false},"excerpt":{"rendered":"<p>Bakteri ve mikroplar\u0131n ortadan kald\u0131r\u0131lmas\u0131na yard\u0131mc\u0131 olan kimyasal bile\u015fenler i\u00e7erir.<\/p>\n<p><strong>VARYANT:<br \/>\n<\/strong>Antibakteriyel<\/p>\n<p><strong>\u00dcR\u00dcN KODU:<br \/>\n<\/strong>C073<\/p>\n","protected":false},"featured_media":2633,"comment_status":"open","ping_status":"closed","template":"","meta":[],"product_cat":[762],"product_tag":[],"aioseo_notices":[],"_links":{"self":[{"href":"https:\/\/rubiscare.com\/tr\/wp-json\/wp\/v2\/product\/2632"}],"collection":[{"href":"https:\/\/rubiscare.com\/tr\/wp-json\/wp\/v2\/product"}],"about":[{"href":"https:\/\/rubiscare.com\/tr\/wp-json\/wp\/v2\/types\/product"}],"replies":[{"embeddable":true,"href":"https:\/\/rubiscare.com\/tr\/wp-json\/wp\/v2\/comments?post=2632"}],"wp:featuredmedia":[{"embeddable":true,"href":"https:\/\/rubiscare.com\/tr\/wp-json\/wp\/v2\/media\/2633"}],"wp:attachment":[{"href":"https:\/\/rubiscare.com\/tr\/wp-json\/wp\/v2\/media?parent=2632"}],"wp:term":[{"taxonomy":"product_cat","embeddable":true,"href":"https:\/\/rubiscare.com\/tr\/wp-json\/wp\/v2\/product_cat?post=2632"},{"taxonomy":"product_tag","embeddable":true,"href":"https:\/\/rubiscare.com\/tr\/wp-json\/wp\/v2\/product_tag?post=2632"}],"curies":[{"name":"wp","href":"https:\/\/api.w.org\/{rel}","templated":true}]}}