{"id":2625,"date":"2020-10-17T08:15:08","date_gmt":"2020-10-17T08:15:08","guid":{"rendered":"https:\/\/rubiscare.com\/?post_type=product&#038;p=2625"},"modified":"2020-10-17T08:19:36","modified_gmt":"2020-10-17T08:19:36","slug":"rubis-75-gr-kutu-bebek-sabunu","status":"publish","type":"product","link":"https:\/\/rubiscare.com\/tr\/urun\/rubis-75-gr-kutu-bebek-sabunu\/","title":{"rendered":"Rubis &#8211; 75 gr Kutu Bebek Sabunu"},"content":{"rendered":"<p>Karton kutu i\u00e7inde 75 gr tek sabun.<\/p>\n<p><strong>Koli i\u00e7inde \u00dcr\u00fcn Adedi:<\/strong><br \/>\n72<\/p>\n<p><strong>Koli A\u011f\u0131rl\u0131\u011f\u0131:<\/strong><br \/>\n5,4 kg<\/p>\n<p><strong>Barkot:\u00a0\u00a0<\/strong><\/p>\n<p>Bebek: 869 2624 140 181<\/p>\n","protected":false},"excerpt":{"rendered":"<p>Bebekler ve son derece hassas cilde sahip olanlar i\u00e7in do\u011fru se\u00e7im<\/p>\n<p><strong>VARYANT:<br \/>\n<\/strong>Bebek<\/p>\n<p><strong>\u00dcR\u00dcN KODU:<br \/>\n<\/strong>C054<\/p>\n","protected":false},"featured_media":2626,"comment_status":"open","ping_status":"closed","template":"","meta":[],"product_cat":[763],"product_tag":[],"aioseo_notices":[],"_links":{"self":[{"href":"https:\/\/rubiscare.com\/tr\/wp-json\/wp\/v2\/product\/2625"}],"collection":[{"href":"https:\/\/rubiscare.com\/tr\/wp-json\/wp\/v2\/product"}],"about":[{"href":"https:\/\/rubiscare.com\/tr\/wp-json\/wp\/v2\/types\/product"}],"replies":[{"embeddable":true,"href":"https:\/\/rubiscare.com\/tr\/wp-json\/wp\/v2\/comments?post=2625"}],"wp:featuredmedia":[{"embeddable":true,"href":"https:\/\/rubiscare.com\/tr\/wp-json\/wp\/v2\/media\/2626"}],"wp:attachment":[{"href":"https:\/\/rubiscare.com\/tr\/wp-json\/wp\/v2\/media?parent=2625"}],"wp:term":[{"taxonomy":"product_cat","embeddable":true,"href":"https:\/\/rubiscare.com\/tr\/wp-json\/wp\/v2\/product_cat?post=2625"},{"taxonomy":"product_tag","embeddable":true,"href":"https:\/\/rubiscare.com\/tr\/wp-json\/wp\/v2\/product_tag?post=2625"}],"curies":[{"name":"wp","href":"https:\/\/api.w.org\/{rel}","templated":true}]}}