{"id":2622,"date":"2020-10-16T13:30:42","date_gmt":"2020-10-16T13:30:42","guid":{"rendered":"https:\/\/rubiscare.com\/?post_type=product&#038;p=2622"},"modified":"2020-10-16T13:30:42","modified_gmt":"2020-10-16T13:30:42","slug":"citron-800-gr","status":"publish","type":"product","link":"https:\/\/rubiscare.com\/tr\/urun\/citron-800-gr\/","title":{"rendered":"Citron 800 gr"},"content":{"rendered":"<p>800 gr bask\u0131l\u0131 folyoda tek sabun<\/p>\n<p><strong>Koli Adet Say\u0131s\u0131:<\/strong><br \/>\n16<\/p>\n<p><strong>Koli A\u011f\u0131rl\u0131\u011f\u0131:<\/strong><br \/>\n12,8 kg<\/p>\n<p><strong>Barkod:<br \/>\n<\/strong>800 gr Citron: 869 2624 150 173<\/p>\n","protected":false},"excerpt":{"rendered":"<p>Canl\u0131l\u0131k ve safl\u0131k hissinin tad\u0131n\u0131 \u00e7\u0131kar\u0131n<\/p>\n<p><strong>Varyant:<br \/>\n<\/strong>Citron<\/p>\n<p><strong>\u00dcr\u00fcn Kodu:<br \/>\n<\/strong>C056<\/p>\n","protected":false},"featured_media":2623,"comment_status":"open","ping_status":"closed","template":"","meta":[],"product_cat":[760],"product_tag":[],"aioseo_notices":[],"_links":{"self":[{"href":"https:\/\/rubiscare.com\/tr\/wp-json\/wp\/v2\/product\/2622"}],"collection":[{"href":"https:\/\/rubiscare.com\/tr\/wp-json\/wp\/v2\/product"}],"about":[{"href":"https:\/\/rubiscare.com\/tr\/wp-json\/wp\/v2\/types\/product"}],"replies":[{"embeddable":true,"href":"https:\/\/rubiscare.com\/tr\/wp-json\/wp\/v2\/comments?post=2622"}],"wp:featuredmedia":[{"embeddable":true,"href":"https:\/\/rubiscare.com\/tr\/wp-json\/wp\/v2\/media\/2623"}],"wp:attachment":[{"href":"https:\/\/rubiscare.com\/tr\/wp-json\/wp\/v2\/media?parent=2622"}],"wp:term":[{"taxonomy":"product_cat","embeddable":true,"href":"https:\/\/rubiscare.com\/tr\/wp-json\/wp\/v2\/product_cat?post=2622"},{"taxonomy":"product_tag","embeddable":true,"href":"https:\/\/rubiscare.com\/tr\/wp-json\/wp\/v2\/product_tag?post=2622"}],"curies":[{"name":"wp","href":"https:\/\/api.w.org\/{rel}","templated":true}]}}