{"id":2618,"date":"2020-10-16T13:23:43","date_gmt":"2020-10-16T13:23:43","guid":{"rendered":"https:\/\/rubiscare.com\/?post_type=product&#038;p=2618"},"modified":"2020-10-16T13:23:44","modified_gmt":"2020-10-16T13:23:44","slug":"rubis-4-x-150-gr-hamam-sabunu","status":"publish","type":"product","link":"https:\/\/rubiscare.com\/tr\/urun\/rubis-4-x-150-gr-hamam-sabunu\/","title":{"rendered":"Rubis &#8211; 4 x 150 gr Hamam Sabunu"},"content":{"rendered":"<p>Bask\u0131l\u0131 folyoda 4 adet 150 gr sabun<\/p>\n<p><strong>Koli Adet Say\u0131s\u0131:<\/strong><br \/>\n16<\/p>\n<p><strong>Koli A\u011f\u0131rl\u0131\u011f\u0131:<\/strong><br \/>\n9,6 kg<\/p>\n<p><strong>Barkod:<br \/>\n<\/strong>Hamam: 869 2624 152 313<\/p>\n","protected":false},"excerpt":{"rendered":"<p>Canl\u0131l\u0131k ve safl\u0131k hissinin tad\u0131n\u0131 \u00e7\u0131kar\u0131n<\/p>\n<p><strong>Varyant:<br \/>\n<\/strong>Hamam<\/p>\n<p><strong>\u00dcr\u00fcn Kodu:<br \/>\n<\/strong>C036-H<\/p>\n","protected":false},"featured_media":2619,"comment_status":"open","ping_status":"closed","template":"","meta":[],"product_cat":[751],"product_tag":[],"aioseo_notices":[],"_links":{"self":[{"href":"https:\/\/rubiscare.com\/tr\/wp-json\/wp\/v2\/product\/2618"}],"collection":[{"href":"https:\/\/rubiscare.com\/tr\/wp-json\/wp\/v2\/product"}],"about":[{"href":"https:\/\/rubiscare.com\/tr\/wp-json\/wp\/v2\/types\/product"}],"replies":[{"embeddable":true,"href":"https:\/\/rubiscare.com\/tr\/wp-json\/wp\/v2\/comments?post=2618"}],"wp:featuredmedia":[{"embeddable":true,"href":"https:\/\/rubiscare.com\/tr\/wp-json\/wp\/v2\/media\/2619"}],"wp:attachment":[{"href":"https:\/\/rubiscare.com\/tr\/wp-json\/wp\/v2\/media?parent=2618"}],"wp:term":[{"taxonomy":"product_cat","embeddable":true,"href":"https:\/\/rubiscare.com\/tr\/wp-json\/wp\/v2\/product_cat?post=2618"},{"taxonomy":"product_tag","embeddable":true,"href":"https:\/\/rubiscare.com\/tr\/wp-json\/wp\/v2\/product_tag?post=2618"}],"curies":[{"name":"wp","href":"https:\/\/api.w.org\/{rel}","templated":true}]}}