{"id":2606,"date":"2020-10-16T13:05:54","date_gmt":"2020-10-16T13:05:54","guid":{"rendered":"https:\/\/rubiscare.com\/?post_type=product&#038;p=2606"},"modified":"2020-10-16T13:05:54","modified_gmt":"2020-10-16T13:05:54","slug":"rubis-4-x-110-gr-banyo-sabunu","status":"publish","type":"product","link":"https:\/\/rubiscare.com\/tr\/urun\/rubis-4-x-110-gr-banyo-sabunu\/","title":{"rendered":"Rubis \u2013 4 x 110 gr Banyo Sabunu"},"content":{"rendered":"<p>Bask\u0131l\u0131 folyoda 4 adet 110 gr sabun<\/p>\n<p><strong>Koli Adet Say\u0131s\u0131:<\/strong><br \/>\n20<\/p>\n<p><strong>Koli A\u011f\u0131rl\u0131\u011f\u0131:<\/strong><br \/>\n8,8 kg<\/p>\n<p><strong>Barkod:<br \/>\n<\/strong>Zeytin: 869 2624 151 125<br \/>\nG\u00fcl: 869 2624 151 125<br \/>\nLavanta: 869 2624 151 132<\/p>\n","protected":false},"excerpt":{"rendered":"<p>Canl\u0131l\u0131k ve safl\u0131k hissinin tad\u0131n\u0131 \u00e7\u0131kar\u0131n<\/p>\n<p><strong>Varyant:<br \/>\n<\/strong>Zeytin, G\u00fcl, Lavanta<\/p>\n<p><strong>\u00dcr\u00fcn Kodu:<br \/>\n<\/strong>C064<\/p>\n","protected":false},"featured_media":2608,"comment_status":"open","ping_status":"closed","template":"","meta":[],"product_cat":[751],"product_tag":[],"aioseo_notices":[],"_links":{"self":[{"href":"https:\/\/rubiscare.com\/tr\/wp-json\/wp\/v2\/product\/2606"}],"collection":[{"href":"https:\/\/rubiscare.com\/tr\/wp-json\/wp\/v2\/product"}],"about":[{"href":"https:\/\/rubiscare.com\/tr\/wp-json\/wp\/v2\/types\/product"}],"replies":[{"embeddable":true,"href":"https:\/\/rubiscare.com\/tr\/wp-json\/wp\/v2\/comments?post=2606"}],"wp:featuredmedia":[{"embeddable":true,"href":"https:\/\/rubiscare.com\/tr\/wp-json\/wp\/v2\/media\/2608"}],"wp:attachment":[{"href":"https:\/\/rubiscare.com\/tr\/wp-json\/wp\/v2\/media?parent=2606"}],"wp:term":[{"taxonomy":"product_cat","embeddable":true,"href":"https:\/\/rubiscare.com\/tr\/wp-json\/wp\/v2\/product_cat?post=2606"},{"taxonomy":"product_tag","embeddable":true,"href":"https:\/\/rubiscare.com\/tr\/wp-json\/wp\/v2\/product_tag?post=2606"}],"curies":[{"name":"wp","href":"https:\/\/api.w.org\/{rel}","templated":true}]}}