{"id":2602,"date":"2020-06-13T11:36:27","date_gmt":"2020-10-16T13:00:56","guid":{"rendered":"https:\/\/rubiscare.com\/?post_type=product&#038;p=2602"},"modified":"2020-10-16T13:00:56","modified_gmt":"2020-10-16T13:00:56","slug":"rubis-4-x-125-gr-banyo-sabunu","status":"publish","type":"product","link":"https:\/\/rubiscare.com\/tr\/urun\/rubis-4-x-125-gr-banyo-sabunu\/","title":{"rendered":"Rubis &#8211; 4 x 125 gr Banyo Sabunu"},"content":{"rendered":"<p>Bask\u0131l\u0131 folyoda 5 adet 60 gr sabun. Ekonomik pakette.<\/p>\n<p><strong>Koli Adet Say\u0131s\u0131:<\/strong><br \/>\n20<\/p>\n<p><strong>Koli A\u011f\u0131rl\u0131\u011f\u0131:<\/strong><br \/>\n10 kg<\/p>\n<p><strong>Barkod:<br \/>\n<\/strong>Zeytin: 869 2624 144 356<br \/>\nG\u00fcl: 869 2624 146 299<br \/>\nLavanta: 869 2624 146 282<\/p>\n","protected":false},"excerpt":{"rendered":"<p>Canl\u0131l\u0131k ve safl\u0131k hissinin tad\u0131n\u0131 \u00e7\u0131kar\u0131n<\/p>\n<p><strong>Varyant:<br \/>\n<\/strong>Zeytin, G\u00fcl, Lavanta<\/p>\n<p><strong>\u00dcr\u00fcn Kodu:<br \/>\n<\/strong>C034<\/p>\n","protected":false},"featured_media":4482,"comment_status":"open","ping_status":"closed","template":"","meta":[],"product_cat":[751],"product_tag":[],"aioseo_notices":[],"_links":{"self":[{"href":"https:\/\/rubiscare.com\/tr\/wp-json\/wp\/v2\/product\/2602"}],"collection":[{"href":"https:\/\/rubiscare.com\/tr\/wp-json\/wp\/v2\/product"}],"about":[{"href":"https:\/\/rubiscare.com\/tr\/wp-json\/wp\/v2\/types\/product"}],"replies":[{"embeddable":true,"href":"https:\/\/rubiscare.com\/tr\/wp-json\/wp\/v2\/comments?post=2602"}],"wp:featuredmedia":[{"embeddable":true,"href":"https:\/\/rubiscare.com\/tr\/wp-json\/wp\/v2\/media\/4482"}],"wp:attachment":[{"href":"https:\/\/rubiscare.com\/tr\/wp-json\/wp\/v2\/media?parent=2602"}],"wp:term":[{"taxonomy":"product_cat","embeddable":true,"href":"https:\/\/rubiscare.com\/tr\/wp-json\/wp\/v2\/product_cat?post=2602"},{"taxonomy":"product_tag","embeddable":true,"href":"https:\/\/rubiscare.com\/tr\/wp-json\/wp\/v2\/product_tag?post=2602"}],"curies":[{"name":"wp","href":"https:\/\/api.w.org\/{rel}","templated":true}]}}