{"id":2595,"date":"2020-10-16T12:55:54","date_gmt":"2020-10-16T12:55:54","guid":{"rendered":"https:\/\/rubiscare.com\/?post_type=product&#038;p=2595"},"modified":"2020-10-16T12:55:55","modified_gmt":"2020-10-16T12:55:55","slug":"rubis-3-x-100-gr-blister-sabun","status":"publish","type":"product","link":"https:\/\/rubiscare.com\/tr\/urun\/rubis-3-x-100-gr-blister-sabun\/","title":{"rendered":"Rubis &#8211; 3 x 100 gr Blister Sabun"},"content":{"rendered":"<p>100 gr 3 adet blister paket sabun<\/p>\n<p><strong>Koli Adet Say\u0131s\u0131:<\/strong><br \/>\n20<\/p>\n<p><strong>Koli A\u011f\u0131rl\u0131\u011f\u0131:<\/strong><br \/>\n6 kg<\/p>\n<p><strong>Barkod:<br \/>\n<\/strong>Bahar Tazeli\u011fi: 869 2624 144 844<br \/>\nNazik Dokunu\u015f: 869 2624 144 837<\/p>\n","protected":false},"excerpt":{"rendered":"<p>Cildinizi derinlemesine temizler ve kremsi k\u00f6p\u00fc\u011f\u00fc ile nemlendirir<\/p>\n<p><strong>Varyant:<br \/>\n<\/strong>Portakal, Elma, Aloe Vera, Buket, E Vitamini, Lavanta, Menek\u015fe, G\u00fcl, Leylak, Kar\u0131\u015f\u0131k Renkler<\/p>\n<p><strong>\u00dcr\u00fcn Kodu:<br \/>\n<\/strong>C008<\/p>\n","protected":false},"featured_media":2601,"comment_status":"open","ping_status":"closed","template":"","meta":[],"product_cat":[753],"product_tag":[],"aioseo_notices":[],"_links":{"self":[{"href":"https:\/\/rubiscare.com\/tr\/wp-json\/wp\/v2\/product\/2595"}],"collection":[{"href":"https:\/\/rubiscare.com\/tr\/wp-json\/wp\/v2\/product"}],"about":[{"href":"https:\/\/rubiscare.com\/tr\/wp-json\/wp\/v2\/types\/product"}],"replies":[{"embeddable":true,"href":"https:\/\/rubiscare.com\/tr\/wp-json\/wp\/v2\/comments?post=2595"}],"wp:featuredmedia":[{"embeddable":true,"href":"https:\/\/rubiscare.com\/tr\/wp-json\/wp\/v2\/media\/2601"}],"wp:attachment":[{"href":"https:\/\/rubiscare.com\/tr\/wp-json\/wp\/v2\/media?parent=2595"}],"wp:term":[{"taxonomy":"product_cat","embeddable":true,"href":"https:\/\/rubiscare.com\/tr\/wp-json\/wp\/v2\/product_cat?post=2595"},{"taxonomy":"product_tag","embeddable":true,"href":"https:\/\/rubiscare.com\/tr\/wp-json\/wp\/v2\/product_tag?post=2595"}],"curies":[{"name":"wp","href":"https:\/\/api.w.org\/{rel}","templated":true}]}}