{"id":2593,"date":"2020-10-16T12:52:57","date_gmt":"2020-10-16T12:52:57","guid":{"rendered":"https:\/\/rubiscare.com\/?post_type=product&#038;p=2593"},"modified":"2020-10-16T12:52:58","modified_gmt":"2020-10-16T12:52:58","slug":"rubis-15-gr-kutuda-otel-sabunu","status":"publish","type":"product","link":"https:\/\/rubiscare.com\/tr\/urun\/rubis-15-gr-kutuda-otel-sabunu\/","title":{"rendered":"Rubis &#8211; 15 gr Kutuda Otel Sabunu"},"content":{"rendered":"<p>\u00c7ekici kokusu ve iki farkl\u0131 ambalaj se\u00e7ene\u011fi ile sizlerle<\/p>\n<p><strong>Koli Adet Say\u0131s\u0131:<\/strong><br \/>\n400<\/p>\n<p><strong>Koli A\u011f\u0131rl\u0131\u011f\u0131:<\/strong><br \/>\n6 kg<\/p>\n<p><strong>Barkod:<br \/>\n<\/strong>869 2624 141 126<\/p>\n","protected":false},"excerpt":{"rendered":"<p>15 gr kutuda tek sabun.<\/p>\n<p><strong>Varyant:<br \/>\n<\/strong>Otel Sabunu<\/p>\n<p><strong>\u00dcr\u00fcn Kodu:<br \/>\n<\/strong>C019<\/p>\n","protected":false},"featured_media":2594,"comment_status":"open","ping_status":"closed","template":"","meta":[],"product_cat":[755],"product_tag":[],"aioseo_notices":[],"_links":{"self":[{"href":"https:\/\/rubiscare.com\/tr\/wp-json\/wp\/v2\/product\/2593"}],"collection":[{"href":"https:\/\/rubiscare.com\/tr\/wp-json\/wp\/v2\/product"}],"about":[{"href":"https:\/\/rubiscare.com\/tr\/wp-json\/wp\/v2\/types\/product"}],"replies":[{"embeddable":true,"href":"https:\/\/rubiscare.com\/tr\/wp-json\/wp\/v2\/comments?post=2593"}],"wp:featuredmedia":[{"embeddable":true,"href":"https:\/\/rubiscare.com\/tr\/wp-json\/wp\/v2\/media\/2594"}],"wp:attachment":[{"href":"https:\/\/rubiscare.com\/tr\/wp-json\/wp\/v2\/media?parent=2593"}],"wp:term":[{"taxonomy":"product_cat","embeddable":true,"href":"https:\/\/rubiscare.com\/tr\/wp-json\/wp\/v2\/product_cat?post=2593"},{"taxonomy":"product_tag","embeddable":true,"href":"https:\/\/rubiscare.com\/tr\/wp-json\/wp\/v2\/product_tag?post=2593"}],"curies":[{"name":"wp","href":"https:\/\/api.w.org\/{rel}","templated":true}]}}