{"id":2589,"date":"2020-10-16T12:48:56","date_gmt":"2020-10-16T12:48:56","guid":{"rendered":"https:\/\/rubiscare.com\/?post_type=product&#038;p=2589"},"modified":"2020-10-16T12:48:57","modified_gmt":"2020-10-16T12:48:57","slug":"rubis-4-x-60-gr-kutulu-sabun","status":"publish","type":"product","link":"https:\/\/rubiscare.com\/tr\/urun\/rubis-4-x-60-gr-kutulu-sabun\/","title":{"rendered":"Rubis &#8211; 4 x 60 gr Kutulu Sabun"},"content":{"rendered":"<p>Bask\u0131l\u0131 folyoda 5 adet 60 gr sabun. Ekonomik pakette.<\/p>\n<p><strong>Koli Adet Say\u0131s\u0131:<\/strong><br \/>\n24<\/p>\n<p><strong>Koli A\u011f\u0131rl\u0131\u011f\u0131:<\/strong><br \/>\n5,76 kg<\/p>\n<p><strong>Barkod:<br \/>\n<\/strong>Lavanta: 869 2624 150 050<br \/>\nAloe Vera: 869 2624 150 036<br \/>\nS\u00fct ve Bal: 869 2624 150 043<\/p>\n","protected":false},"excerpt":{"rendered":"<p>Do\u011fadan gelen g\u00fczellik<\/p>\n<p><strong>Varyant:<br \/>\n<\/strong>Lavanta, Aloe Vera, S\u00fct ve Bal<\/p>\n<p><strong>\u00dcr\u00fcn Kodu:<br \/>\n<\/strong>C051<\/p>\n","protected":false},"featured_media":2592,"comment_status":"open","ping_status":"closed","template":"","meta":[],"product_cat":[757],"product_tag":[],"aioseo_notices":[],"_links":{"self":[{"href":"https:\/\/rubiscare.com\/tr\/wp-json\/wp\/v2\/product\/2589"}],"collection":[{"href":"https:\/\/rubiscare.com\/tr\/wp-json\/wp\/v2\/product"}],"about":[{"href":"https:\/\/rubiscare.com\/tr\/wp-json\/wp\/v2\/types\/product"}],"replies":[{"embeddable":true,"href":"https:\/\/rubiscare.com\/tr\/wp-json\/wp\/v2\/comments?post=2589"}],"wp:featuredmedia":[{"embeddable":true,"href":"https:\/\/rubiscare.com\/tr\/wp-json\/wp\/v2\/media\/2592"}],"wp:attachment":[{"href":"https:\/\/rubiscare.com\/tr\/wp-json\/wp\/v2\/media?parent=2589"}],"wp:term":[{"taxonomy":"product_cat","embeddable":true,"href":"https:\/\/rubiscare.com\/tr\/wp-json\/wp\/v2\/product_cat?post=2589"},{"taxonomy":"product_tag","embeddable":true,"href":"https:\/\/rubiscare.com\/tr\/wp-json\/wp\/v2\/product_tag?post=2589"}],"curies":[{"name":"wp","href":"https:\/\/api.w.org\/{rel}","templated":true}]}}