{"id":2583,"date":"2020-10-16T12:44:57","date_gmt":"2020-10-16T12:44:57","guid":{"rendered":"https:\/\/rubiscare.com\/?post_type=product&#038;p=2583"},"modified":"2020-10-16T12:44:58","modified_gmt":"2020-10-16T12:44:58","slug":"rubis-3-x-90-gr-kutulu-sabun","status":"publish","type":"product","link":"https:\/\/rubiscare.com\/tr\/urun\/rubis-3-x-90-gr-kutulu-sabun\/","title":{"rendered":"Rubis &#8211; 3 x 90 gr Kutulu Sabun"},"content":{"rendered":"<p>Karton kutu i\u00e7inde 3 adet 90 gr sabun<\/p>\n<p><strong>Koli Adet Say\u0131s\u0131:<\/strong><br \/>\n24<\/p>\n<p><strong>Koli A\u011f\u0131rl\u0131\u011f\u0131:<\/strong><br \/>\n6,48 kg<\/p>\n<p><strong>Barkod:<br \/>\n<\/strong>Kakao Ya\u011f\u0131: 869 2624 149 405<br \/>\nTaze Deodorant: 869 2624 149 412<br \/>\nOkyanus Tazeli\u011fi: 869 2624 149 429<br \/>\nKiraz \u00c7i\u00e7e\u011fi: 869 2624 149 399<br \/>\nAloe Vera: 869 2624 149 382<\/p>\n","protected":false},"excerpt":{"rendered":"<p>Cildinizi Rubis g\u00fczellik sabununu zengin ve k\u00f6p\u00fcks\u00fc yap\u0131s\u0131yla \u015f\u0131mart\u0131n<\/p>\n<p><strong>Varyant:<br \/>\n<\/strong>Kakao Ya\u011f\u0131, Taze Deodorant, Okyanus Tazeli\u011fi, Kiraz \u00c7i\u00e7e\u011fi, Aloe Vera<\/p>\n<p><strong>\u00dcr\u00fcn Kodu:<br \/>\n<\/strong>C050<\/p>\n","protected":false},"featured_media":2587,"comment_status":"open","ping_status":"closed","template":"","meta":[],"product_cat":[757],"product_tag":[],"aioseo_notices":[],"_links":{"self":[{"href":"https:\/\/rubiscare.com\/tr\/wp-json\/wp\/v2\/product\/2583"}],"collection":[{"href":"https:\/\/rubiscare.com\/tr\/wp-json\/wp\/v2\/product"}],"about":[{"href":"https:\/\/rubiscare.com\/tr\/wp-json\/wp\/v2\/types\/product"}],"replies":[{"embeddable":true,"href":"https:\/\/rubiscare.com\/tr\/wp-json\/wp\/v2\/comments?post=2583"}],"wp:featuredmedia":[{"embeddable":true,"href":"https:\/\/rubiscare.com\/tr\/wp-json\/wp\/v2\/media\/2587"}],"wp:attachment":[{"href":"https:\/\/rubiscare.com\/tr\/wp-json\/wp\/v2\/media?parent=2583"}],"wp:term":[{"taxonomy":"product_cat","embeddable":true,"href":"https:\/\/rubiscare.com\/tr\/wp-json\/wp\/v2\/product_cat?post=2583"},{"taxonomy":"product_tag","embeddable":true,"href":"https:\/\/rubiscare.com\/tr\/wp-json\/wp\/v2\/product_tag?post=2583"}],"curies":[{"name":"wp","href":"https:\/\/api.w.org\/{rel}","templated":true}]}}