{"id":2579,"date":"2020-10-16T12:40:16","date_gmt":"2020-10-16T12:40:16","guid":{"rendered":"https:\/\/rubiscare.com\/?post_type=product&#038;p=2579"},"modified":"2020-10-16T12:40:16","modified_gmt":"2020-10-16T12:40:16","slug":"rubis-4-x-110-gr-bardakta-sabun-2si-1-arada","status":"publish","type":"product","link":"https:\/\/rubiscare.com\/tr\/urun\/rubis-4-x-110-gr-bardakta-sabun-2si-1-arada\/","title":{"rendered":"Rubis &#8211; 4 x 110 gr bardakta sabun (2&#8217;si 1 arada)"},"content":{"rendered":"<p>Tazeleyici, rahatlat\u0131c\u0131 ve yenileyici kokular\u0131m\u0131z\u0131 iki renkte deneyin.<\/p>\n<p><strong>Koli Adet Say\u0131s\u0131:<\/strong><br \/>\n16<\/p>\n<p><strong>Koli A\u011f\u0131rl\u0131\u011f\u0131:<\/strong><br \/>\n7,04 kg<\/p>\n<p><strong>Barkod:<br \/>\n<\/strong>S\u00fct ve Ye\u015fil \u00c7ay: 869 2624 152 658<br \/>\nS\u00fct ve Deniz Minerali: 869 2624 152 665<br \/>\nS\u00fct ve Pembe \u00c7i\u00e7ek: 869 2624 152 672<\/p>\n","protected":false},"excerpt":{"rendered":"<p>4 par\u00e7a bardak i\u00e7inde 110 gr 2 renkli sabun<\/p>\n<p><strong>Varyant:<br \/>\n<\/strong>S\u00fct ve Ye\u015fil \u00c7ay, S\u00fct ve Deniz Minerali, S\u00fct ve Pembe \u00c7i\u00e7ek<\/p>\n<p><strong>\u00dcr\u00fcn Kodu:<br \/>\n<\/strong>C066<\/p>\n","protected":false},"featured_media":2580,"comment_status":"open","ping_status":"closed","template":"","meta":[],"product_cat":[758],"product_tag":[],"aioseo_notices":[],"_links":{"self":[{"href":"https:\/\/rubiscare.com\/tr\/wp-json\/wp\/v2\/product\/2579"}],"collection":[{"href":"https:\/\/rubiscare.com\/tr\/wp-json\/wp\/v2\/product"}],"about":[{"href":"https:\/\/rubiscare.com\/tr\/wp-json\/wp\/v2\/types\/product"}],"replies":[{"embeddable":true,"href":"https:\/\/rubiscare.com\/tr\/wp-json\/wp\/v2\/comments?post=2579"}],"wp:featuredmedia":[{"embeddable":true,"href":"https:\/\/rubiscare.com\/tr\/wp-json\/wp\/v2\/media\/2580"}],"wp:attachment":[{"href":"https:\/\/rubiscare.com\/tr\/wp-json\/wp\/v2\/media?parent=2579"}],"wp:term":[{"taxonomy":"product_cat","embeddable":true,"href":"https:\/\/rubiscare.com\/tr\/wp-json\/wp\/v2\/product_cat?post=2579"},{"taxonomy":"product_tag","embeddable":true,"href":"https:\/\/rubiscare.com\/tr\/wp-json\/wp\/v2\/product_tag?post=2579"}],"curies":[{"name":"wp","href":"https:\/\/api.w.org\/{rel}","templated":true}]}}