{"id":2576,"date":"2020-10-16T12:34:19","date_gmt":"2020-10-16T12:34:19","guid":{"rendered":"https:\/\/rubiscare.com\/?post_type=product&#038;p=2576"},"modified":"2020-10-16T12:34:19","modified_gmt":"2020-10-16T12:34:19","slug":"rubis-savon-de-marseille-ekonomik-paket","status":"publish","type":"product","link":"https:\/\/rubiscare.com\/tr\/urun\/rubis-savon-de-marseille-ekonomik-paket\/","title":{"rendered":"Rubis &#8211; Savon de Marseille (Ekonomik Paket)"},"content":{"rendered":"<div class=\"woocommerce-tabs wc-tabs-wrapper container tabbed-content\">\n<div class=\"tab-panels\">\n<div id=\"tab-description\" class=\"woocommerce-Tabs-panel woocommerce-Tabs-panel--description panel entry-content active\" role=\"tabpanel\" aria-labelledby=\"tab-title-description\">\n<p>5 par\u00e7a \u015feffaf sarg\u0131l\u0131 100 gr sabun<\/p>\n<p><strong>Koli Adet Say\u0131s\u0131:<\/strong><br \/>\n16<\/p>\n<p><strong>Koli A\u011f\u0131rl\u0131\u011f\u0131:<\/strong><br \/>\n8 kg<\/p>\n<p><strong>Barkod:<br \/>\n<\/strong>Ye\u015fil: 869 2624 110 269<br \/>\nMavi: 869 2624 146 091<\/p>\n<\/div>\n<\/div>\n<\/div>\n<p>&nbsp;<\/p>\n<p>&nbsp;<\/p>\n","protected":false},"excerpt":{"rendered":"<p>Yumu\u015fak cildi ve ger\u00e7ek safl\u0131\u011f\u0131 arzulayanlar i\u00e7in<\/p>\n<p><strong>Varyant:<br \/>\n<\/strong>Ye\u015fil, Mavi<\/p>\n<p><strong>\u00dcr\u00fcn Kodu:<br \/>\n<\/strong>C021<\/p>\n","protected":false},"featured_media":2577,"comment_status":"open","ping_status":"closed","template":"","meta":[],"product_cat":[754],"product_tag":[],"aioseo_notices":[],"_links":{"self":[{"href":"https:\/\/rubiscare.com\/tr\/wp-json\/wp\/v2\/product\/2576"}],"collection":[{"href":"https:\/\/rubiscare.com\/tr\/wp-json\/wp\/v2\/product"}],"about":[{"href":"https:\/\/rubiscare.com\/tr\/wp-json\/wp\/v2\/types\/product"}],"replies":[{"embeddable":true,"href":"https:\/\/rubiscare.com\/tr\/wp-json\/wp\/v2\/comments?post=2576"}],"wp:featuredmedia":[{"embeddable":true,"href":"https:\/\/rubiscare.com\/tr\/wp-json\/wp\/v2\/media\/2577"}],"wp:attachment":[{"href":"https:\/\/rubiscare.com\/tr\/wp-json\/wp\/v2\/media?parent=2576"}],"wp:term":[{"taxonomy":"product_cat","embeddable":true,"href":"https:\/\/rubiscare.com\/tr\/wp-json\/wp\/v2\/product_cat?post=2576"},{"taxonomy":"product_tag","embeddable":true,"href":"https:\/\/rubiscare.com\/tr\/wp-json\/wp\/v2\/product_tag?post=2576"}],"curies":[{"name":"wp","href":"https:\/\/api.w.org\/{rel}","templated":true}]}}