{"id":2569,"date":"2020-10-16T12:30:06","date_gmt":"2020-10-16T12:30:06","guid":{"rendered":"https:\/\/rubiscare.com\/?post_type=product&#038;p=2569"},"modified":"2020-10-16T12:30:07","modified_gmt":"2020-10-16T12:30:07","slug":"rubis-5-x-75-gr-baskili-folyoda-sabun","status":"publish","type":"product","link":"https:\/\/rubiscare.com\/tr\/urun\/rubis-5-x-75-gr-baskili-folyoda-sabun\/","title":{"rendered":"Rubis \u2013 5 x 75 gr Bask\u0131l\u0131 Folyoda Sabun"},"content":{"rendered":"<div class=\"woocommerce-tabs wc-tabs-wrapper container tabbed-content\">\n<div class=\"tab-panels\">\n<div id=\"tab-description\" class=\"woocommerce-Tabs-panel woocommerce-Tabs-panel--description panel entry-content active\" role=\"tabpanel\" aria-labelledby=\"tab-title-description\">\n<p>Bask\u0131l\u0131 folyoda 5 adet 75 gr sabun. Ekonomik pakette.<\/p>\n<p><strong>Koli Adet Say\u0131s\u0131:<\/strong><br \/>\n24<\/p>\n<p><strong>Koli A\u011f\u0131rl\u0131\u011f\u0131:<\/strong><br \/>\n9 kg<\/p>\n<p><strong>Barkod:<br \/>\n<\/strong>Badem: 869 2624 146 831<br \/>\nAloe Vera: 869 2624 146 848<br \/>\nLavanta: 869 2624 146 824<br \/>\nS\u00fct ve Bal: 869 2624 146 855<\/p>\n<\/div>\n<\/div>\n<\/div>\n<p>&nbsp;<\/p>\n<p>&nbsp;<\/p>\n<div class=\"related related-products-wrapper product-section\">\n<h3 class=\"product-section-title container-width product-section-title-related pt-half pb-half uppercase\"><\/h3>\n<\/div>\n","protected":false},"excerpt":{"rendered":"<p>Sevdiklerinize verdi\u011finiz \u00f6nemi biliyoruz. G\u00fcnl\u00fck kullan\u0131m i\u00e7in idealdir<\/p>\n<p><strong>Varyant:<br \/>\n<\/strong>Badem, Aloe Vera, Lavanta, S\u00fct ve Bal<\/p>\n<p><strong>\u00dcr\u00fcn Kodu:<br \/>\n<\/strong>C007<\/p>\n","protected":false},"featured_media":2573,"comment_status":"open","ping_status":"closed","template":"","meta":[],"product_cat":[754],"product_tag":[],"aioseo_notices":[],"_links":{"self":[{"href":"https:\/\/rubiscare.com\/tr\/wp-json\/wp\/v2\/product\/2569"}],"collection":[{"href":"https:\/\/rubiscare.com\/tr\/wp-json\/wp\/v2\/product"}],"about":[{"href":"https:\/\/rubiscare.com\/tr\/wp-json\/wp\/v2\/types\/product"}],"replies":[{"embeddable":true,"href":"https:\/\/rubiscare.com\/tr\/wp-json\/wp\/v2\/comments?post=2569"}],"wp:featuredmedia":[{"embeddable":true,"href":"https:\/\/rubiscare.com\/tr\/wp-json\/wp\/v2\/media\/2573"}],"wp:attachment":[{"href":"https:\/\/rubiscare.com\/tr\/wp-json\/wp\/v2\/media?parent=2569"}],"wp:term":[{"taxonomy":"product_cat","embeddable":true,"href":"https:\/\/rubiscare.com\/tr\/wp-json\/wp\/v2\/product_cat?post=2569"},{"taxonomy":"product_tag","embeddable":true,"href":"https:\/\/rubiscare.com\/tr\/wp-json\/wp\/v2\/product_tag?post=2569"}],"curies":[{"name":"wp","href":"https:\/\/api.w.org\/{rel}","templated":true}]}}