{"id":2563,"date":"2020-06-13T10:26:45","date_gmt":"2020-10-16T12:25:21","guid":{"rendered":"https:\/\/rubiscare.com\/?post_type=product&#038;p=2563"},"modified":"2020-10-16T12:25:21","modified_gmt":"2020-10-16T12:25:21","slug":"rubis-5-x-60-gr-baskili-folyoda-sabun","status":"publish","type":"product","link":"https:\/\/rubiscare.com\/tr\/urun\/rubis-5-x-60-gr-baskili-folyoda-sabun\/","title":{"rendered":"Rubis &#8211; 5 x 60 gr Bask\u0131l\u0131 Folyoda Sabun"},"content":{"rendered":"<p>Bask\u0131l\u0131 folyoda 5 adet 60 gr sabun. Ekonomik pakette.<\/p>\n<p><strong>Koli Adet Say\u0131s\u0131:<\/strong><br \/>\n60<\/p>\n<p><strong>Koli A\u011f\u0131rl\u0131\u011f\u0131:<\/strong><br \/>\n20 kg<\/p>\n<p><strong>Barkod:<br \/>\n<\/strong>Bahar Tazeli\u011fi: 869 2624 144 844<br \/>\nNazik Dokunu\u015f: 869 2624 144 837<br \/>\nBahar Kokusu: 869 2624 144 821<\/p>\n","protected":false},"excerpt":{"rendered":"<p>\u00dc\u00e7 narin ve ho\u015f kokunun evinizi kaplamas\u0131na izin verin<\/p>\n<p><strong>Varyant:<br \/>\n<\/strong>Bahar Tazeli\u011fi, Nazik Dokunu\u015f, Bahar Kokusu<\/p>\n<p><strong>\u00dcr\u00fcn Kodu:<br \/>\n<\/strong>C033<\/p>\n","protected":false},"featured_media":5631,"comment_status":"open","ping_status":"closed","template":"","meta":[],"product_cat":[754,754],"product_tag":[],"aioseo_notices":[],"_links":{"self":[{"href":"https:\/\/rubiscare.com\/tr\/wp-json\/wp\/v2\/product\/2563"}],"collection":[{"href":"https:\/\/rubiscare.com\/tr\/wp-json\/wp\/v2\/product"}],"about":[{"href":"https:\/\/rubiscare.com\/tr\/wp-json\/wp\/v2\/types\/product"}],"replies":[{"embeddable":true,"href":"https:\/\/rubiscare.com\/tr\/wp-json\/wp\/v2\/comments?post=2563"}],"wp:featuredmedia":[{"embeddable":true,"href":"https:\/\/rubiscare.com\/tr\/wp-json\/wp\/v2\/media\/5631"}],"wp:attachment":[{"href":"https:\/\/rubiscare.com\/tr\/wp-json\/wp\/v2\/media?parent=2563"}],"wp:term":[{"taxonomy":"product_cat","embeddable":true,"href":"https:\/\/rubiscare.com\/tr\/wp-json\/wp\/v2\/product_cat?post=2563"},{"taxonomy":"product_tag","embeddable":true,"href":"https:\/\/rubiscare.com\/tr\/wp-json\/wp\/v2\/product_tag?post=2563"}],"curies":[{"name":"wp","href":"https:\/\/api.w.org\/{rel}","templated":true}]}}