{"id":2552,"date":"2020-10-16T12:12:16","date_gmt":"2020-10-16T12:12:16","guid":{"rendered":"https:\/\/rubiscare.com\/?post_type=product&#038;p=2552"},"modified":"2020-10-16T12:12:16","modified_gmt":"2020-10-16T12:12:16","slug":"rubis-150-gr-cok-amacli-sabun","status":"publish","type":"product","link":"https:\/\/rubiscare.com\/tr\/urun\/rubis-150-gr-cok-amacli-sabun\/","title":{"rendered":"Rubis \u2013 150 gr \u00c7ok Ama\u00e7l\u0131 Sabun"},"content":{"rendered":"<p>150 gr bask\u0131l\u0131 folyoda tek sabun.<\/p>\n<p><strong>Koli Adet Say\u0131s\u0131:<\/strong><br \/>\n60<\/p>\n<p><strong>Koli A\u011f\u0131rl\u0131\u011f\u0131:<\/strong><br \/>\n9 kg<\/p>\n<p><strong>Barkod:<br \/>\n<\/strong>Limon: 869 2624 151 224<br \/>\n\u00c7ilek: 869 2624 151 231<br \/>\n\u00dcz\u00fcm: 869 2624 151 200<br \/>\nElma: 869 2624 151 217<\/p>\n","protected":false},"excerpt":{"rendered":"<p>Rahatlat\u0131c\u0131 banyo deneyiminizi, k\u0131yafetlerinizin ve bula\u015f\u0131klar\u0131n\u0131z\u0131n temizli\u011finizi bu b\u00fcy\u00fcl\u00fc pakette birle\u015ftirdik<\/p>\n<p><strong>Varyant:<br \/>\n<\/strong>Limon, \u00c7ilek, \u00dcz\u00fcm, Elma<\/p>\n<p><strong>\u00dcr\u00fcn Kodu:<br \/>\n<\/strong>C058<\/p>\n","protected":false},"featured_media":2555,"comment_status":"open","ping_status":"closed","template":"","meta":[],"product_cat":[760],"product_tag":[],"aioseo_notices":[],"_links":{"self":[{"href":"https:\/\/rubiscare.com\/tr\/wp-json\/wp\/v2\/product\/2552"}],"collection":[{"href":"https:\/\/rubiscare.com\/tr\/wp-json\/wp\/v2\/product"}],"about":[{"href":"https:\/\/rubiscare.com\/tr\/wp-json\/wp\/v2\/types\/product"}],"replies":[{"embeddable":true,"href":"https:\/\/rubiscare.com\/tr\/wp-json\/wp\/v2\/comments?post=2552"}],"wp:featuredmedia":[{"embeddable":true,"href":"https:\/\/rubiscare.com\/tr\/wp-json\/wp\/v2\/media\/2555"}],"wp:attachment":[{"href":"https:\/\/rubiscare.com\/tr\/wp-json\/wp\/v2\/media?parent=2552"}],"wp:term":[{"taxonomy":"product_cat","embeddable":true,"href":"https:\/\/rubiscare.com\/tr\/wp-json\/wp\/v2\/product_cat?post=2552"},{"taxonomy":"product_tag","embeddable":true,"href":"https:\/\/rubiscare.com\/tr\/wp-json\/wp\/v2\/product_tag?post=2552"}],"curies":[{"name":"wp","href":"https:\/\/api.w.org\/{rel}","templated":true}]}}