{"id":2543,"date":"2020-06-13T10:09:54","date_gmt":"2020-10-16T11:56:35","guid":{"rendered":"https:\/\/rubiscare.com\/?post_type=product&#038;p=2543"},"modified":"2021-05-20T12:10:10","modified_gmt":"2021-05-20T12:10:10","slug":"rubis-4-x-90-gr-guzellik-sabunu-2si-1-arada","status":"publish","type":"product","link":"https:\/\/rubiscare.com\/tr\/urun\/rubis-4-x-90-gr-guzellik-sabunu-2si-1-arada\/","title":{"rendered":"Rubis &#8211; 4 x 90  gr G\u00fczellik Sabunu (2&#8217;si 1 arada)"},"content":{"rendered":"<p>4 par\u00e7a bardak i\u00e7inde 90 gr 2 renkli sabun<\/p>\n<p><strong>Koli Adet Say\u0131s\u0131:<\/strong><br \/>\n16<\/p>\n<p><strong>Koli A\u011f\u0131rl\u0131\u011f\u0131:<\/strong><br \/>\n8,64 kg<\/p>\n<p><strong>Barkod:<br \/>\n<\/strong>S\u00fct ve Ye\u015fil \u00c7ay:869 2624 152 627<br \/>\nS\u00fct ve Deniz Minerali: 869 2624 152 634<br \/>\nS\u00fct ve Pembe \u00c7i\u00e7ek: 869 2624 152 641<\/p>\n","protected":false},"excerpt":{"rendered":"<p>Tazeleyici, rahatlat\u0131c\u0131 ve yenileyici kokular\u0131m\u0131z iki renkte deneyin<\/p>\n<p><strong>Varyant:<br \/>\n<\/strong>S\u00fct ve Ye\u015fil \u00c7ay, S\u00fct ve Deniz Minerali, S\u00fct ve Pembe \u00c7i\u00e7ek<\/p>\n<p><strong>\u00dcr\u00fcn Kodu:<br \/>\n<\/strong>C062<\/p>\n","protected":false},"featured_media":2546,"comment_status":"open","ping_status":"closed","template":"","meta":[],"product_cat":[754],"product_tag":[],"aioseo_notices":[],"_links":{"self":[{"href":"https:\/\/rubiscare.com\/tr\/wp-json\/wp\/v2\/product\/2543"}],"collection":[{"href":"https:\/\/rubiscare.com\/tr\/wp-json\/wp\/v2\/product"}],"about":[{"href":"https:\/\/rubiscare.com\/tr\/wp-json\/wp\/v2\/types\/product"}],"replies":[{"embeddable":true,"href":"https:\/\/rubiscare.com\/tr\/wp-json\/wp\/v2\/comments?post=2543"}],"wp:featuredmedia":[{"embeddable":true,"href":"https:\/\/rubiscare.com\/tr\/wp-json\/wp\/v2\/media\/2546"}],"wp:attachment":[{"href":"https:\/\/rubiscare.com\/tr\/wp-json\/wp\/v2\/media?parent=2543"}],"wp:term":[{"taxonomy":"product_cat","embeddable":true,"href":"https:\/\/rubiscare.com\/tr\/wp-json\/wp\/v2\/product_cat?post=2543"},{"taxonomy":"product_tag","embeddable":true,"href":"https:\/\/rubiscare.com\/tr\/wp-json\/wp\/v2\/product_tag?post=2543"}],"curies":[{"name":"wp","href":"https:\/\/api.w.org\/{rel}","templated":true}]}}