{"id":2533,"date":"2020-10-16T11:46:37","date_gmt":"2020-10-16T11:46:37","guid":{"rendered":"https:\/\/rubiscare.com\/?post_type=product&#038;p=2533"},"modified":"2020-10-16T11:46:37","modified_gmt":"2020-10-16T11:46:37","slug":"rubis-150-gr-tek-gofret-paket-sabun","status":"publish","type":"product","link":"https:\/\/rubiscare.com\/tr\/urun\/rubis-150-gr-tek-gofret-paket-sabun\/","title":{"rendered":"Rubis \u2013 150 gr Tek Gofret Paket Sabun"},"content":{"rendered":"<p>150 gr gofret pakette tek sabun<\/p>\n<p><strong>Koli Adet Say\u0131s\u0131:<\/strong><br \/>\n48<\/p>\n<p><strong>Koli A\u011f\u0131rl\u0131\u011f\u0131:<\/strong><br \/>\n7,2 kg<\/p>\n<p><strong>Barkod:<br \/>\n<\/strong>8692624145896<br \/>\n8692624145919<br \/>\n8692624145902<br \/>\n8692624145926<\/p>\n","protected":false},"excerpt":{"rendered":"<p>\u00d6zel form\u00fcl\u00fc sayesinde cildinizi besler<\/p>\n<p><strong>Varyant:<br \/>\n<\/strong>Limon, \u00c7ilek, \u00dcz\u00fcm, Elma<\/p>\n<p><strong>\u00dcr\u00fcn Kodu:<br \/>\n<\/strong>C047<\/p>\n","protected":false},"featured_media":2538,"comment_status":"open","ping_status":"closed","template":"","meta":[],"product_cat":[777],"product_tag":[],"aioseo_notices":[],"_links":{"self":[{"href":"https:\/\/rubiscare.com\/tr\/wp-json\/wp\/v2\/product\/2533"}],"collection":[{"href":"https:\/\/rubiscare.com\/tr\/wp-json\/wp\/v2\/product"}],"about":[{"href":"https:\/\/rubiscare.com\/tr\/wp-json\/wp\/v2\/types\/product"}],"replies":[{"embeddable":true,"href":"https:\/\/rubiscare.com\/tr\/wp-json\/wp\/v2\/comments?post=2533"}],"wp:featuredmedia":[{"embeddable":true,"href":"https:\/\/rubiscare.com\/tr\/wp-json\/wp\/v2\/media\/2538"}],"wp:attachment":[{"href":"https:\/\/rubiscare.com\/tr\/wp-json\/wp\/v2\/media?parent=2533"}],"wp:term":[{"taxonomy":"product_cat","embeddable":true,"href":"https:\/\/rubiscare.com\/tr\/wp-json\/wp\/v2\/product_cat?post=2533"},{"taxonomy":"product_tag","embeddable":true,"href":"https:\/\/rubiscare.com\/tr\/wp-json\/wp\/v2\/product_tag?post=2533"}],"curies":[{"name":"wp","href":"https:\/\/api.w.org\/{rel}","templated":true}]}}