{"id":2525,"date":"2020-10-16T11:37:24","date_gmt":"2020-10-16T11:37:24","guid":{"rendered":"https:\/\/rubiscare.com\/?post_type=product&#038;p=2525"},"modified":"2020-10-16T11:38:04","modified_gmt":"2020-10-16T11:38:04","slug":"rubis-75-gr-tek-gofret-paket-sabun-2","status":"publish","type":"product","link":"https:\/\/rubiscare.com\/tr\/urun\/rubis-75-gr-tek-gofret-paket-sabun-2\/","title":{"rendered":"Rubis \u2013 110 gr Tek Gofret Paket Sabun"},"content":{"rendered":"<p>110 gr gofret pakette tek sabun<\/p>\n<p><strong>Koli Adet Say\u0131s\u0131:<\/strong><br \/>\n48<\/p>\n<p><strong>Koli A\u011f\u0131rl\u0131\u011f\u0131:<\/strong><br \/>\n5,28 kg<\/p>\n<p><strong>Barkod:<br \/>\n<\/strong>8692624153617<br \/>\n8692624153631<br \/>\n8692624153624<br \/>\n8692624153648<\/p>\n","protected":false},"excerpt":{"rendered":"<p>G\u00fcn\u00fcn ilk \u0131\u015f\u0131\u011f\u0131yla hayata taze bir ba\u015flang\u0131\u00e7 yap\u0131n. Canl\u0131l\u0131k ve safl\u0131k hissinin tad\u0131n\u0131 \u00e7\u0131kar\u0131n<\/p>\n<p><strong>Varyant:<br \/>\n<\/strong>Aloe Vera ve Bal, G\u00fcl ve Bal,<\/p>\n<p><strong>\u00dcr\u00fcn Kodu:<br \/>\n<\/strong>C070<\/p>\n","protected":false},"featured_media":2530,"comment_status":"open","ping_status":"closed","template":"","meta":[],"product_cat":[777],"product_tag":[],"aioseo_notices":[],"_links":{"self":[{"href":"https:\/\/rubiscare.com\/tr\/wp-json\/wp\/v2\/product\/2525"}],"collection":[{"href":"https:\/\/rubiscare.com\/tr\/wp-json\/wp\/v2\/product"}],"about":[{"href":"https:\/\/rubiscare.com\/tr\/wp-json\/wp\/v2\/types\/product"}],"replies":[{"embeddable":true,"href":"https:\/\/rubiscare.com\/tr\/wp-json\/wp\/v2\/comments?post=2525"}],"wp:featuredmedia":[{"embeddable":true,"href":"https:\/\/rubiscare.com\/tr\/wp-json\/wp\/v2\/media\/2530"}],"wp:attachment":[{"href":"https:\/\/rubiscare.com\/tr\/wp-json\/wp\/v2\/media?parent=2525"}],"wp:term":[{"taxonomy":"product_cat","embeddable":true,"href":"https:\/\/rubiscare.com\/tr\/wp-json\/wp\/v2\/product_cat?post=2525"},{"taxonomy":"product_tag","embeddable":true,"href":"https:\/\/rubiscare.com\/tr\/wp-json\/wp\/v2\/product_tag?post=2525"}],"curies":[{"name":"wp","href":"https:\/\/api.w.org\/{rel}","templated":true}]}}