{"id":2521,"date":"2020-06-13T08:48:47","date_gmt":"2020-10-16T11:27:07","guid":{"rendered":"https:\/\/rubiscare.com\/?post_type=product&#038;p=2521"},"modified":"2020-10-16T11:27:25","modified_gmt":"2020-10-16T11:27:25","slug":"rubis-100-gr-tek-gofret-paket-sabun","status":"publish","type":"product","link":"https:\/\/rubiscare.com\/tr\/urun\/rubis-100-gr-tek-gofret-paket-sabun\/","title":{"rendered":"Rubis \u2013 100 gr Tek Gofret Paket Sabun"},"content":{"rendered":"<p>100 gr gofret pakette tek sabun<\/p>\n<p><strong>Koli Adet Say\u0131s\u0131:<\/strong><br \/>\n96<\/p>\n<p><strong>Koli A\u011f\u0131rl\u0131\u011f\u0131:<\/strong><br \/>\n9,6 kg<\/p>\n<p><strong>Barkod:<br \/>\n<\/strong>Aloe Vera: 869 2624 140 495<br \/>\nBal: 869 2624 140 471<br \/>\nOkyanus Tazeli\u011fi: 869 2624 140 464<\/p>\n","protected":false},"excerpt":{"rendered":"<p>Nemlendirici etkisi ile g\u00fcn boyu tazelik sa\u011flar<\/p>\n<p><strong>Varyant:<br \/>\n<\/strong>Aloe Vera, Bal, Okyanus Tazeli\u011fi<\/p>\n<p><strong>\u00dcr\u00fcn Kodu:<br \/>\n<\/strong>C004<\/p>\n","protected":false},"featured_media":4782,"comment_status":"open","ping_status":"closed","template":"","meta":[],"product_cat":[777],"product_tag":[],"aioseo_notices":[],"_links":{"self":[{"href":"https:\/\/rubiscare.com\/tr\/wp-json\/wp\/v2\/product\/2521"}],"collection":[{"href":"https:\/\/rubiscare.com\/tr\/wp-json\/wp\/v2\/product"}],"about":[{"href":"https:\/\/rubiscare.com\/tr\/wp-json\/wp\/v2\/types\/product"}],"replies":[{"embeddable":true,"href":"https:\/\/rubiscare.com\/tr\/wp-json\/wp\/v2\/comments?post=2521"}],"wp:featuredmedia":[{"embeddable":true,"href":"https:\/\/rubiscare.com\/tr\/wp-json\/wp\/v2\/media\/4782"}],"wp:attachment":[{"href":"https:\/\/rubiscare.com\/tr\/wp-json\/wp\/v2\/media?parent=2521"}],"wp:term":[{"taxonomy":"product_cat","embeddable":true,"href":"https:\/\/rubiscare.com\/tr\/wp-json\/wp\/v2\/product_cat?post=2521"},{"taxonomy":"product_tag","embeddable":true,"href":"https:\/\/rubiscare.com\/tr\/wp-json\/wp\/v2\/product_tag?post=2521"}],"curies":[{"name":"wp","href":"https:\/\/api.w.org\/{rel}","templated":true}]}}