{"id":2515,"date":"2020-06-13T08:43:33","date_gmt":"2020-10-16T11:17:09","guid":{"rendered":"https:\/\/rubiscare.com\/?post_type=product&#038;p=2515"},"modified":"2020-10-16T11:17:09","modified_gmt":"2020-10-16T11:17:09","slug":"rubis-90-gr-tek-gofret-paket-sabun","status":"publish","type":"product","link":"https:\/\/rubiscare.com\/tr\/urun\/rubis-90-gr-tek-gofret-paket-sabun\/","title":{"rendered":"Rubis \u2013 90 gr Tek Gofret Paket Sabun"},"content":{"rendered":"<p>90 gr gofret pakette tek sabun<\/p>\n<p><strong>Koli Adet Say\u0131s\u0131:<\/strong><br \/>\n96<\/p>\n<p><strong>Koli A\u011f\u0131rl\u0131\u011f\u0131:<\/strong><br \/>\n8,64 kg<\/p>\n<p><strong>Barkod:<br \/>\n<\/strong>Pembe R\u00fcyalar: 869 2624 144 448<br \/>\nBeyaz K\u00f6p\u00fck: 869 2624 144 431<br \/>\nOkyanus Tazeli\u011fi: 869 2624 144 417<br \/>\nG\u00fcn I\u015f\u0131\u011f\u0131: 869 2624 144 424<\/p>\n","protected":false},"excerpt":{"rendered":"<p>\u0130lk kullan\u0131mda etkili koku ve kremsi form\u00fcl\u00fcn fark\u0131n\u0131 hissedin<\/p>\n<p><strong>Varyant:<br \/>\n<\/strong>Pembe R\u00fcyalar, Beyaz K\u00f6p\u00fck, Okyanus Tazeli\u011fi, G\u00fcn I\u015f\u0131\u011f\u0131<\/p>\n<p><strong>\u00dcr\u00fcn Kodu:<br \/>\n<\/strong>C004<\/p>\n","protected":false},"featured_media":4352,"comment_status":"open","ping_status":"closed","template":"","meta":[],"product_cat":[777],"product_tag":[],"aioseo_notices":[],"_links":{"self":[{"href":"https:\/\/rubiscare.com\/tr\/wp-json\/wp\/v2\/product\/2515"}],"collection":[{"href":"https:\/\/rubiscare.com\/tr\/wp-json\/wp\/v2\/product"}],"about":[{"href":"https:\/\/rubiscare.com\/tr\/wp-json\/wp\/v2\/types\/product"}],"replies":[{"embeddable":true,"href":"https:\/\/rubiscare.com\/tr\/wp-json\/wp\/v2\/comments?post=2515"}],"wp:featuredmedia":[{"embeddable":true,"href":"https:\/\/rubiscare.com\/tr\/wp-json\/wp\/v2\/media\/4352"}],"wp:attachment":[{"href":"https:\/\/rubiscare.com\/tr\/wp-json\/wp\/v2\/media?parent=2515"}],"wp:term":[{"taxonomy":"product_cat","embeddable":true,"href":"https:\/\/rubiscare.com\/tr\/wp-json\/wp\/v2\/product_cat?post=2515"},{"taxonomy":"product_tag","embeddable":true,"href":"https:\/\/rubiscare.com\/tr\/wp-json\/wp\/v2\/product_tag?post=2515"}],"curies":[{"name":"wp","href":"https:\/\/api.w.org\/{rel}","templated":true}]}}