{"id":2492,"date":"2020-06-13T08:37:18","date_gmt":"2020-10-16T11:06:00","guid":{"rendered":"https:\/\/rubiscare.com\/?post_type=product&#038;p=2492"},"modified":"2020-10-16T11:06:00","modified_gmt":"2020-10-16T11:06:00","slug":"rubis-60-gr-tek-gofret-paket-sabun","status":"publish","type":"product","link":"https:\/\/rubiscare.com\/tr\/urun\/rubis-60-gr-tek-gofret-paket-sabun\/","title":{"rendered":"Rubis &#8211; 60 gr Tek Gofret Paket Sabun"},"content":{"rendered":"<p>60 gr gofret pakette tek sabun.<\/p>\n<p><strong>Koli Adet Say\u0131s\u0131:<\/strong><br \/>\n96<\/p>\n<p><strong>Koli A\u011f\u0131rl\u0131\u011f\u0131:<\/strong><br \/>\n5,76 kg<\/p>\n<p><strong>Barkod:<br \/>\n<\/strong>\u00dcz\u00fcm: 869 2624 145 179<br \/>\nLimon: 869 2624 145 162<br \/>\nElma: 869 2624 145 155<br \/>\nG\u00fcl: 869 2624 145 186<\/p>\n","protected":false},"excerpt":{"rendered":"<p>Cildiniz i\u00e7in en taze meyve kokular\u0131n\u0131 biraraya getirdik<\/p>\n<p><strong>Varyant:<br \/>\n<\/strong>\u00dcz\u00fcm, Limon, Elma, G\u00fcl<\/p>\n<p><strong>\u00dcr\u00fcn Kodu:<br \/>\n<\/strong>C043<\/p>\n","protected":false},"featured_media":4710,"comment_status":"open","ping_status":"closed","template":"","meta":[],"product_cat":[777],"product_tag":[],"aioseo_notices":[],"_links":{"self":[{"href":"https:\/\/rubiscare.com\/tr\/wp-json\/wp\/v2\/product\/2492"}],"collection":[{"href":"https:\/\/rubiscare.com\/tr\/wp-json\/wp\/v2\/product"}],"about":[{"href":"https:\/\/rubiscare.com\/tr\/wp-json\/wp\/v2\/types\/product"}],"replies":[{"embeddable":true,"href":"https:\/\/rubiscare.com\/tr\/wp-json\/wp\/v2\/comments?post=2492"}],"wp:featuredmedia":[{"embeddable":true,"href":"https:\/\/rubiscare.com\/tr\/wp-json\/wp\/v2\/media\/4710"}],"wp:attachment":[{"href":"https:\/\/rubiscare.com\/tr\/wp-json\/wp\/v2\/media?parent=2492"}],"wp:term":[{"taxonomy":"product_cat","embeddable":true,"href":"https:\/\/rubiscare.com\/tr\/wp-json\/wp\/v2\/product_cat?post=2492"},{"taxonomy":"product_tag","embeddable":true,"href":"https:\/\/rubiscare.com\/tr\/wp-json\/wp\/v2\/product_tag?post=2492"}],"curies":[{"name":"wp","href":"https:\/\/api.w.org\/{rel}","templated":true}]}}