{"id":2489,"date":"2020-10-14T12:51:26","date_gmt":"2020-10-14T12:51:26","guid":{"rendered":"https:\/\/rubiscare.com\/?post_type=product&#038;p=2489"},"modified":"2020-10-14T12:51:26","modified_gmt":"2020-10-14T12:51:26","slug":"rubis-luxury-series-royal-oud","status":"publish","type":"product","link":"https:\/\/rubiscare.com\/tr\/urun\/rubis-luxury-series-royal-oud\/","title":{"rendered":"Rubis Luxury Series Royal Oud"},"content":{"rendered":"<p>125 gr kutuda kare kal\u0131p kat\u0131 sabun<\/p>\n<p><strong>Koli Adet Say\u0131s\u0131:<\/strong><br \/>\n48<\/p>\n<p><strong>Koli A\u011f\u0131rl\u0131\u011f\u0131:<\/strong><br \/>\n6 kg<\/p>\n<p><strong>Barkod:<br \/>\n<\/strong>Royal Oud: 8692624153013<\/p>\n","protected":false},"excerpt":{"rendered":"<p>Sizi Do\u011fu Asya&#8217;dan gelen mistik bir deneyime davet ediyoruz. Buda taraf\u0131ndan &#8220;Nirvana&#8217;n\u0131n Kokusu&#8221; olarak nitelendirilen; Samuray sava\u015f\u00e7\u0131lar\u0131n\u0131n, sava\u015ftan \u00f6nce iyi \u015fans getirmesi i\u00e7in ve sultanlar\u0131n favori tercihleri olarak kulland\u0131klar\u0131 l\u00fcks koku. Kremsi k\u00f6p\u00fc\u011f\u00fc ile kurulu\u011fa kar\u015f\u0131 sava\u015f\u0131r. \u0130stenilen yumu\u015fakl\u0131\u011f\u0131 ve p\u00fcr\u00fczs\u00fczl\u00fc\u011f\u00fc geri getirir.<\/p>\n<p><strong>Varyant:<br \/>\n<\/strong>Royal Oud<\/p>\n<p><strong>\u00dcr\u00fcn Kodu:<br \/>\n<\/strong>LC70<\/p>\n","protected":false},"featured_media":2490,"comment_status":"open","ping_status":"closed","template":"","meta":[],"product_cat":[764],"product_tag":[],"aioseo_notices":[],"_links":{"self":[{"href":"https:\/\/rubiscare.com\/tr\/wp-json\/wp\/v2\/product\/2489"}],"collection":[{"href":"https:\/\/rubiscare.com\/tr\/wp-json\/wp\/v2\/product"}],"about":[{"href":"https:\/\/rubiscare.com\/tr\/wp-json\/wp\/v2\/types\/product"}],"replies":[{"embeddable":true,"href":"https:\/\/rubiscare.com\/tr\/wp-json\/wp\/v2\/comments?post=2489"}],"wp:featuredmedia":[{"embeddable":true,"href":"https:\/\/rubiscare.com\/tr\/wp-json\/wp\/v2\/media\/2490"}],"wp:attachment":[{"href":"https:\/\/rubiscare.com\/tr\/wp-json\/wp\/v2\/media?parent=2489"}],"wp:term":[{"taxonomy":"product_cat","embeddable":true,"href":"https:\/\/rubiscare.com\/tr\/wp-json\/wp\/v2\/product_cat?post=2489"},{"taxonomy":"product_tag","embeddable":true,"href":"https:\/\/rubiscare.com\/tr\/wp-json\/wp\/v2\/product_tag?post=2489"}],"curies":[{"name":"wp","href":"https:\/\/api.w.org\/{rel}","templated":true}]}}