{"id":2487,"date":"2020-10-14T12:47:17","date_gmt":"2020-10-14T12:47:17","guid":{"rendered":"https:\/\/rubiscare.com\/?post_type=product&#038;p=2487"},"modified":"2020-10-14T12:48:27","modified_gmt":"2020-10-14T12:48:27","slug":"rubis-luxury-series-cherry-blossom","status":"publish","type":"product","link":"https:\/\/rubiscare.com\/tr\/urun\/rubis-luxury-series-cherry-blossom\/","title":{"rendered":"Rubis Luxury Series Cherry Blossom"},"content":{"rendered":"<p>125 gr kutuda kare kal\u0131p kat\u0131 sabun<\/p>\n<p><strong>Koli Adet Say\u0131s\u0131:<\/strong><br \/>\n48<\/p>\n<p><strong>Koli A\u011f\u0131rl\u0131\u011f\u0131:<\/strong><br \/>\n6 kg<\/p>\n<p><strong>Barkod:<br \/>\n<\/strong>Cherry Blossom: 8692624152986<\/p>\n","protected":false},"excerpt":{"rendered":"<p>Bahar tazeli\u011fini ve yenilenmeyi kutlama zaman\u0131. Antioksidan bak\u0131m\u0131ndan zengin yap\u0131s\u0131yla cildimizdeki serbest radikallerle sava\u015fan kiraz \u00f6z\u00fc cildinizi daha sa\u011fl\u0131kl\u0131 ve gen\u00e7 bir g\u00f6r\u00fcn\u00fcme kavu\u015fturur. Kiraz \u00e7i\u00e7e\u011finin s\u0131rr\u0131 aromas\u0131ndaki hem ac\u0131 hem tatl\u0131 kokusundan kaynaklan\u0131r.<\/p>\n<p><strong>Varyant:<br \/>\n<\/strong>Cherry Blossom<\/p>\n<p><strong>\u00dcr\u00fcn Kodu:<br \/>\n<\/strong>LC70<\/p>\n","protected":false},"featured_media":2488,"comment_status":"open","ping_status":"closed","template":"","meta":[],"product_cat":[764],"product_tag":[],"aioseo_notices":[],"_links":{"self":[{"href":"https:\/\/rubiscare.com\/tr\/wp-json\/wp\/v2\/product\/2487"}],"collection":[{"href":"https:\/\/rubiscare.com\/tr\/wp-json\/wp\/v2\/product"}],"about":[{"href":"https:\/\/rubiscare.com\/tr\/wp-json\/wp\/v2\/types\/product"}],"replies":[{"embeddable":true,"href":"https:\/\/rubiscare.com\/tr\/wp-json\/wp\/v2\/comments?post=2487"}],"wp:featuredmedia":[{"embeddable":true,"href":"https:\/\/rubiscare.com\/tr\/wp-json\/wp\/v2\/media\/2488"}],"wp:attachment":[{"href":"https:\/\/rubiscare.com\/tr\/wp-json\/wp\/v2\/media?parent=2487"}],"wp:term":[{"taxonomy":"product_cat","embeddable":true,"href":"https:\/\/rubiscare.com\/tr\/wp-json\/wp\/v2\/product_cat?post=2487"},{"taxonomy":"product_tag","embeddable":true,"href":"https:\/\/rubiscare.com\/tr\/wp-json\/wp\/v2\/product_tag?post=2487"}],"curies":[{"name":"wp","href":"https:\/\/api.w.org\/{rel}","templated":true}]}}