{"id":2485,"date":"2020-10-14T12:34:50","date_gmt":"2020-10-14T12:34:50","guid":{"rendered":"https:\/\/rubiscare.com\/?post_type=product&#038;p=2485"},"modified":"2020-10-14T12:34:50","modified_gmt":"2020-10-14T12:34:50","slug":"rubis-luxury-series-orange-blossom","status":"publish","type":"product","link":"https:\/\/rubiscare.com\/tr\/urun\/rubis-luxury-series-orange-blossom\/","title":{"rendered":"Rubis Luxury Series Orange Blossom"},"content":{"rendered":"<p>125 gr kutuda kare kal\u0131p kat\u0131 sabun<\/p>\n<p><strong>Koli Adet Say\u0131s\u0131:<\/strong><br \/>\n48<\/p>\n<p><strong>Koli A\u011f\u0131rl\u0131\u011f\u0131:<\/strong><br \/>\n6 kg<\/p>\n<p><strong>Barkod:<br \/>\n<\/strong>Orange Blossom: 8692624152993<\/p>\n","protected":false},"excerpt":{"rendered":"<p>Uyan\u0131n ve taze s\u0131k\u0131lm\u0131\u015f portakal suyunun kokusunu hissedin. Bu sabun cildin pul pul d\u00f6k\u00fclmesine yard\u0131mc\u0131 olan sitrik asit i\u00e7eri\u011fi bak\u0131m\u0131ndan zengin i\u00e7erikleri ile sivilcelerin kurumas\u0131na yard\u0131mc\u0131 olur. C vitamini bak\u0131m\u0131ndan zengindir. B\u00f6ylece cilde derinlemesine temizlik sa\u011flar. Hafif\u00e7e uygulayarak ferahl\u0131k elde etmenizi sa\u011flar.<\/p>\n<p><strong>Varyant:<br \/>\n<\/strong>Orange Blossom<\/p>\n<p><strong>\u00dcr\u00fcn Kodu:<br \/>\n<\/strong>LC70<\/p>\n","protected":false},"featured_media":2486,"comment_status":"open","ping_status":"closed","template":"","meta":[],"product_cat":[764],"product_tag":[],"aioseo_notices":[],"_links":{"self":[{"href":"https:\/\/rubiscare.com\/tr\/wp-json\/wp\/v2\/product\/2485"}],"collection":[{"href":"https:\/\/rubiscare.com\/tr\/wp-json\/wp\/v2\/product"}],"about":[{"href":"https:\/\/rubiscare.com\/tr\/wp-json\/wp\/v2\/types\/product"}],"replies":[{"embeddable":true,"href":"https:\/\/rubiscare.com\/tr\/wp-json\/wp\/v2\/comments?post=2485"}],"wp:featuredmedia":[{"embeddable":true,"href":"https:\/\/rubiscare.com\/tr\/wp-json\/wp\/v2\/media\/2486"}],"wp:attachment":[{"href":"https:\/\/rubiscare.com\/tr\/wp-json\/wp\/v2\/media?parent=2485"}],"wp:term":[{"taxonomy":"product_cat","embeddable":true,"href":"https:\/\/rubiscare.com\/tr\/wp-json\/wp\/v2\/product_cat?post=2485"},{"taxonomy":"product_tag","embeddable":true,"href":"https:\/\/rubiscare.com\/tr\/wp-json\/wp\/v2\/product_tag?post=2485"}],"curies":[{"name":"wp","href":"https:\/\/api.w.org\/{rel}","templated":true}]}}