{"id":2483,"date":"2020-10-14T12:28:39","date_gmt":"2020-10-14T12:28:39","guid":{"rendered":"https:\/\/rubiscare.com\/?post_type=product&#038;p=2483"},"modified":"2020-10-14T12:28:39","modified_gmt":"2020-10-14T12:28:39","slug":"rubis-luxury-series-mystic-musk","status":"publish","type":"product","link":"https:\/\/rubiscare.com\/tr\/urun\/rubis-luxury-series-mystic-musk\/","title":{"rendered":"Rubis Luxury Series  Mystic Musk"},"content":{"rendered":"<p>125 gr kutuda kare kal\u0131p kat\u0131 sabun<\/p>\n<p><strong>Koli Adet Say\u0131s\u0131:<\/strong><br \/>\n48<\/p>\n<p><strong>Koli A\u011f\u0131rl\u0131\u011f\u0131:<\/strong><br \/>\n6 kg<\/p>\n<p><strong>Barkod:<br \/>\n<\/strong>Mystic Musk: 8692624153006<\/p>\n","protected":false},"excerpt":{"rendered":"<p>Taze mistik misk seni \u00e7a\u011f\u0131r\u0131yor! Yat\u0131\u015ft\u0131r\u0131c\u0131 ve \u00e7ekici aroma ile zenginle\u015ftirilmi\u015f kokuyu takip edin. Zihninizde canlanan \u00e7ocukluk an\u0131lar\u0131n\u0131 bekleyin.<\/p>\n<p><strong>Varyant:<br \/>\n<\/strong>Mystic Musk<\/p>\n<p><strong>\u00dcr\u00fcn Kodu:<br \/>\n<\/strong>LC70<\/p>\n","protected":false},"featured_media":2484,"comment_status":"open","ping_status":"closed","template":"","meta":[],"product_cat":[764],"product_tag":[],"aioseo_notices":[],"_links":{"self":[{"href":"https:\/\/rubiscare.com\/tr\/wp-json\/wp\/v2\/product\/2483"}],"collection":[{"href":"https:\/\/rubiscare.com\/tr\/wp-json\/wp\/v2\/product"}],"about":[{"href":"https:\/\/rubiscare.com\/tr\/wp-json\/wp\/v2\/types\/product"}],"replies":[{"embeddable":true,"href":"https:\/\/rubiscare.com\/tr\/wp-json\/wp\/v2\/comments?post=2483"}],"wp:featuredmedia":[{"embeddable":true,"href":"https:\/\/rubiscare.com\/tr\/wp-json\/wp\/v2\/media\/2484"}],"wp:attachment":[{"href":"https:\/\/rubiscare.com\/tr\/wp-json\/wp\/v2\/media?parent=2483"}],"wp:term":[{"taxonomy":"product_cat","embeddable":true,"href":"https:\/\/rubiscare.com\/tr\/wp-json\/wp\/v2\/product_cat?post=2483"},{"taxonomy":"product_tag","embeddable":true,"href":"https:\/\/rubiscare.com\/tr\/wp-json\/wp\/v2\/product_tag?post=2483"}],"curies":[{"name":"wp","href":"https:\/\/api.w.org\/{rel}","templated":true}]}}