{"id":2479,"date":"2020-10-14T12:19:48","date_gmt":"2020-10-14T12:19:48","guid":{"rendered":"https:\/\/rubiscare.com\/?post_type=product&#038;p=2479"},"modified":"2020-10-14T12:19:48","modified_gmt":"2020-10-14T12:19:48","slug":"rubis-from-nature-aloe-vera-avacado","status":"publish","type":"product","link":"https:\/\/rubiscare.com\/tr\/urun\/rubis-from-nature-aloe-vera-avacado\/","title":{"rendered":"Rubis  From Nature Aloe Vera &#038; Avacado"},"content":{"rendered":"<p>125 gr kutuda kare kal\u0131p kat\u0131 sabun<\/p>\n<p><strong>Koli Adet Say\u0131s\u0131:<\/strong><br \/>\n48<\/p>\n<p><strong>Koli A\u011f\u0131rl\u0131\u011f\u0131:<\/strong><br \/>\n6 kg<\/p>\n<p><strong>Barkod:<br \/>\n<\/strong>Emollient and Refreshing: 8692624152764<\/p>\n","protected":false},"excerpt":{"rendered":"<div>Aloe Vera ve Avakado \u00f6zl\u00fc Yumu\u015fat\u0131c\u0131 ve Tazeleyici Sabun<\/div>\n<div>Zengin Aloe Vera ve Avakado aromalar\u0131, g\u00fcne\u015f yan\u0131klar\u0131n\u0131 yat\u0131\u015ft\u0131rmada ve ciltteki siyah lekeleri \u00f6nlemede etkilidir. Cildi nemlendirerek tahri\u015fi azaltma ve ya\u015flanma belirtilerini geciktirme \u00f6zelli\u011fi de ta\u015f\u0131r. Cildinizi nemlendirir, yumu\u015fat\u0131r; cildinizin gen\u00e7 ve \u0131\u015f\u0131lt\u0131l\u0131 g\u00f6r\u00fcnmesine yard\u0131mc\u0131 olur.<\/div>\n<div><\/div>\n<p><strong>Varyant:<br \/>\n<\/strong>Emollient and Refreshing<\/p>\n<p><strong>\u00dcr\u00fcn Kodu:<br \/>\n<\/strong>NC025<\/p>\n","protected":false},"featured_media":2480,"comment_status":"open","ping_status":"closed","template":"","meta":[],"product_cat":[765],"product_tag":[],"aioseo_notices":[],"_links":{"self":[{"href":"https:\/\/rubiscare.com\/tr\/wp-json\/wp\/v2\/product\/2479"}],"collection":[{"href":"https:\/\/rubiscare.com\/tr\/wp-json\/wp\/v2\/product"}],"about":[{"href":"https:\/\/rubiscare.com\/tr\/wp-json\/wp\/v2\/types\/product"}],"replies":[{"embeddable":true,"href":"https:\/\/rubiscare.com\/tr\/wp-json\/wp\/v2\/comments?post=2479"}],"wp:featuredmedia":[{"embeddable":true,"href":"https:\/\/rubiscare.com\/tr\/wp-json\/wp\/v2\/media\/2480"}],"wp:attachment":[{"href":"https:\/\/rubiscare.com\/tr\/wp-json\/wp\/v2\/media?parent=2479"}],"wp:term":[{"taxonomy":"product_cat","embeddable":true,"href":"https:\/\/rubiscare.com\/tr\/wp-json\/wp\/v2\/product_cat?post=2479"},{"taxonomy":"product_tag","embeddable":true,"href":"https:\/\/rubiscare.com\/tr\/wp-json\/wp\/v2\/product_tag?post=2479"}],"curies":[{"name":"wp","href":"https:\/\/api.w.org\/{rel}","templated":true}]}}