{"id":2476,"date":"2020-10-14T12:12:03","date_gmt":"2020-10-14T12:12:03","guid":{"rendered":"https:\/\/rubiscare.com\/?post_type=product&#038;p=2476"},"modified":"2020-10-14T12:12:04","modified_gmt":"2020-10-14T12:12:04","slug":"rubis-from-nature-cinnemon-trumeric","status":"publish","type":"product","link":"https:\/\/rubiscare.com\/tr\/urun\/rubis-from-nature-cinnemon-trumeric\/","title":{"rendered":"Rubis  From Nature Cinnemon &#038; Trumeric"},"content":{"rendered":"<p>125 gr kutuda kare kal\u0131p kat\u0131 sabun<\/p>\n<p><strong>Koli Adet Say\u0131s\u0131:<\/strong><br \/>\n48<\/p>\n<p><strong>Koli A\u011f\u0131rl\u0131\u011f\u0131:<\/strong><br \/>\n6 kg<\/p>\n<p><strong>Barkod:<br \/>\n<\/strong>Masking: 8692624152801<\/p>\n","protected":false},"excerpt":{"rendered":"<div>Tar\u00e7\u0131n ve Zerde\u00e7al \u00f6zl\u00fc Mask Sabunu<\/div>\n<div>Tar\u00e7\u0131n ve zerde\u00e7al \u00f6zleri, bir yandan cildinizin kan ak\u0131\u015f\u0131n\u0131 h\u0131zland\u0131r\u0131rken di\u011fer yandan cildinizde olu\u015fan akne, egzama izlerinin onar\u0131m\u0131n\u0131 destekler. Cildinizin do\u011fal \u0131\u015f\u0131lt\u0131s\u0131n\u0131 ortaya \u00e7\u0131kar\u0131r. Cildinizde tatl\u0131 bir koku b\u0131rak\u0131r.<\/div>\n<div><\/div>\n<p><strong>Varyant:<br \/>\n<\/strong>Masking<\/p>\n<p><strong>\u00dcr\u00fcn Kodu:<br \/>\n<\/strong>NC025<\/p>\n","protected":false},"featured_media":1411,"comment_status":"open","ping_status":"closed","template":"","meta":[],"product_cat":[765],"product_tag":[],"aioseo_notices":[],"_links":{"self":[{"href":"https:\/\/rubiscare.com\/tr\/wp-json\/wp\/v2\/product\/2476"}],"collection":[{"href":"https:\/\/rubiscare.com\/tr\/wp-json\/wp\/v2\/product"}],"about":[{"href":"https:\/\/rubiscare.com\/tr\/wp-json\/wp\/v2\/types\/product"}],"replies":[{"embeddable":true,"href":"https:\/\/rubiscare.com\/tr\/wp-json\/wp\/v2\/comments?post=2476"}],"wp:featuredmedia":[{"embeddable":true,"href":"https:\/\/rubiscare.com\/tr\/wp-json\/wp\/v2\/media\/1411"}],"wp:attachment":[{"href":"https:\/\/rubiscare.com\/tr\/wp-json\/wp\/v2\/media?parent=2476"}],"wp:term":[{"taxonomy":"product_cat","embeddable":true,"href":"https:\/\/rubiscare.com\/tr\/wp-json\/wp\/v2\/product_cat?post=2476"},{"taxonomy":"product_tag","embeddable":true,"href":"https:\/\/rubiscare.com\/tr\/wp-json\/wp\/v2\/product_tag?post=2476"}],"curies":[{"name":"wp","href":"https:\/\/api.w.org\/{rel}","templated":true}]}}