{"id":2472,"date":"2020-10-14T12:03:32","date_gmt":"2020-10-14T12:03:32","guid":{"rendered":"https:\/\/rubiscare.com\/?post_type=product&#038;p=2472"},"modified":"2020-10-14T12:04:37","modified_gmt":"2020-10-14T12:04:37","slug":"rubis-from-nature-cocoa","status":"publish","type":"product","link":"https:\/\/rubiscare.com\/tr\/urun\/rubis-from-nature-cocoa\/","title":{"rendered":"Rubis  From Nature Cocoa"},"content":{"rendered":"<p>125 gr kutuda kare kal\u0131p kat\u0131 sabun<\/p>\n<p><strong>Koli Adet Say\u0131s\u0131:<\/strong><br \/>\n48<\/p>\n<p><strong>Koli A\u011f\u0131rl\u0131\u011f\u0131:<\/strong><br \/>\n6 kg<\/p>\n<p><strong>Barkod:<br \/>\n<\/strong>Antioxidant: 8692624152795<\/p>\n","protected":false},"excerpt":{"rendered":"<p>Kakao \u00d6zl\u00fc Antioksidan Sabun<br \/>\nKakao \u00f6z\u00fc kullan\u0131m\u0131 cildi serbest radikallerden korumaya ve ya\u015flanma belirtilerini azaltmaya yard\u0131mc\u0131 olur. Bunun yan\u0131nda cildinizi yumu\u015fatmaya, temizlemeye ve cildinizin ar\u0131nmas\u0131na da destek verici etkisi vard\u0131r. Kuru ciltler i\u00e7in iyi bir nemlendiricidir. Cildinizde otantik bir koku b\u0131rak\u0131r.<\/p>\n<p><strong>Varyant:<br \/>\n<\/strong>Antioxidant<\/p>\n<p><strong>\u00dcr\u00fcn Kodu:<br \/>\n<\/strong>NC025<\/p>\n","protected":false},"featured_media":2473,"comment_status":"open","ping_status":"closed","template":"","meta":[],"product_cat":[765],"product_tag":[],"aioseo_notices":[],"_links":{"self":[{"href":"https:\/\/rubiscare.com\/tr\/wp-json\/wp\/v2\/product\/2472"}],"collection":[{"href":"https:\/\/rubiscare.com\/tr\/wp-json\/wp\/v2\/product"}],"about":[{"href":"https:\/\/rubiscare.com\/tr\/wp-json\/wp\/v2\/types\/product"}],"replies":[{"embeddable":true,"href":"https:\/\/rubiscare.com\/tr\/wp-json\/wp\/v2\/comments?post=2472"}],"wp:featuredmedia":[{"embeddable":true,"href":"https:\/\/rubiscare.com\/tr\/wp-json\/wp\/v2\/media\/2473"}],"wp:attachment":[{"href":"https:\/\/rubiscare.com\/tr\/wp-json\/wp\/v2\/media?parent=2472"}],"wp:term":[{"taxonomy":"product_cat","embeddable":true,"href":"https:\/\/rubiscare.com\/tr\/wp-json\/wp\/v2\/product_cat?post=2472"},{"taxonomy":"product_tag","embeddable":true,"href":"https:\/\/rubiscare.com\/tr\/wp-json\/wp\/v2\/product_tag?post=2472"}],"curies":[{"name":"wp","href":"https:\/\/api.w.org\/{rel}","templated":true}]}}