{"id":2469,"date":"2020-10-14T11:59:07","date_gmt":"2020-10-14T11:59:07","guid":{"rendered":"https:\/\/rubiscare.com\/?post_type=product&#038;p=2469"},"modified":"2020-10-14T11:59:07","modified_gmt":"2020-10-14T11:59:07","slug":"rubis-from-nature-linden-tree-tea-tree","status":"publish","type":"product","link":"https:\/\/rubiscare.com\/tr\/urun\/rubis-from-nature-linden-tree-tea-tree\/","title":{"rendered":"Rubis  From Nature Linden Tree &#038; Tea Tree"},"content":{"rendered":"<p>25 gr kutuda kare kal\u0131p kat\u0131 sabun<\/p>\n<p><strong>Koli Adet Say\u0131s\u0131:<\/strong><br \/>\n48<\/p>\n<p><strong>Koli A\u011f\u0131rl\u0131\u011f\u0131:<\/strong><br \/>\n6 kg<\/p>\n<p><strong>Barkod:<br \/>\n<\/strong>Soothing and Perfuming: 8692624152771<\/p>\n","protected":false},"excerpt":{"rendered":"<p>Ihlamur ve \u00c7ay A\u011fac\u0131 \u00f6zl\u00fc Yat\u0131\u015ft\u0131r\u0131c\u0131 ve Ho\u015f Kokulu Sabun<br \/>\nIhlamur \u00e7i\u00e7ekleri ve \u00e7ay a\u011fac\u0131 \u00f6zleri, cildi yat\u0131\u015ft\u0131rmak ve y\u00fcksek tansiyonu d\u00fc\u015f\u00fcrmek gibi ortak \u00f6zelliklere sahiptir.<br \/>\nEk olarak, \u00e7ay a\u011fac\u0131 \u00f6z\u00fc, anti-inflamatuvar ve anti-mikrobiyal \u00f6zellikleri nedeniyle akne tedavisinde insanlar\u0131n pop\u00fcler bir se\u00e7imi haline gelmi\u015ftir. D\u00fczenli kullan\u0131m\u0131 sonucunda k\u0131zar\u0131kl\u0131\u011f\u0131 ve iltihab\u0131 azaltt\u0131\u011f\u0131 g\u00f6r\u00fclm\u00fc\u015ft\u00fcr.<br \/>\nRahatlat\u0131c\u0131 bir his ve ho\u015f bir koku veren Ihlamur A\u011fac\u0131 ve \u00c7ay A\u011fac\u0131 sabunu ile cildinize bahar havas\u0131 ya\u015fat\u0131n.<\/p>\n<p><strong>Varyant:<br \/>\n<\/strong>Soothing and Perfuming<\/p>\n<p><strong>\u00dcr\u00fcn Kodu:<br \/>\n<\/strong>NC025<\/p>\n","protected":false},"featured_media":2471,"comment_status":"open","ping_status":"closed","template":"","meta":[],"product_cat":[765],"product_tag":[],"aioseo_notices":[],"_links":{"self":[{"href":"https:\/\/rubiscare.com\/tr\/wp-json\/wp\/v2\/product\/2469"}],"collection":[{"href":"https:\/\/rubiscare.com\/tr\/wp-json\/wp\/v2\/product"}],"about":[{"href":"https:\/\/rubiscare.com\/tr\/wp-json\/wp\/v2\/types\/product"}],"replies":[{"embeddable":true,"href":"https:\/\/rubiscare.com\/tr\/wp-json\/wp\/v2\/comments?post=2469"}],"wp:featuredmedia":[{"embeddable":true,"href":"https:\/\/rubiscare.com\/tr\/wp-json\/wp\/v2\/media\/2471"}],"wp:attachment":[{"href":"https:\/\/rubiscare.com\/tr\/wp-json\/wp\/v2\/media?parent=2469"}],"wp:term":[{"taxonomy":"product_cat","embeddable":true,"href":"https:\/\/rubiscare.com\/tr\/wp-json\/wp\/v2\/product_cat?post=2469"},{"taxonomy":"product_tag","embeddable":true,"href":"https:\/\/rubiscare.com\/tr\/wp-json\/wp\/v2\/product_tag?post=2469"}],"curies":[{"name":"wp","href":"https:\/\/api.w.org\/{rel}","templated":true}]}}