{"id":2467,"date":"2020-10-14T11:52:49","date_gmt":"2020-10-14T11:52:49","guid":{"rendered":"https:\/\/rubiscare.com\/?post_type=product&#038;p=2467"},"modified":"2020-10-14T11:52:50","modified_gmt":"2020-10-14T11:52:50","slug":"rubis-from-nature-carrot","status":"publish","type":"product","link":"https:\/\/rubiscare.com\/tr\/urun\/rubis-from-nature-carrot\/","title":{"rendered":"Rubis  From Nature Carrot"},"content":{"rendered":"<p>125 gr kutuda kare kal\u0131p kat\u0131 sabun<\/p>\n<p><strong>Koli Adet Say\u0131s\u0131:<\/strong><br \/>\n48<\/p>\n<p><strong>Koli A\u011f\u0131rl\u0131\u011f\u0131:<\/strong><br \/>\n6 kg<\/p>\n<p><strong>Barkod:<br \/>\n<\/strong>Peeling: 8692624152818<\/p>\n","protected":false},"excerpt":{"rendered":"<p>Havu\u00e7 \u00f6zl\u00fc Peeling Sabunu, cildin yaralardan ve travmalardan h\u0131zl\u0131ca iyile\u015fmesine yard\u0131mc\u0131 olur.<br \/>\nPeeling sabunu cilt h\u00fccrelerini temizler, cildi besler ve gen\u00e7le\u015ftirir; y\u00fcz\u00fcn\u00fcz\u00fc ve v\u00fccudunuzu canland\u0131rmaya yard\u0131mc\u0131 olur. \u00c7ekici ve narin kokusu ile kadifemsi bir yumu\u015fakl\u0131k hissetmenizi sa\u011flar.<\/p>\n<p><strong>Varyant:<br \/>\n<\/strong>Peeling<\/p>\n<p><strong>\u00dcr\u00fcn Kodu:<br \/>\n<\/strong>NC025<\/p>\n","protected":false},"featured_media":2468,"comment_status":"open","ping_status":"closed","template":"","meta":[],"product_cat":[765],"product_tag":[],"aioseo_notices":[],"_links":{"self":[{"href":"https:\/\/rubiscare.com\/tr\/wp-json\/wp\/v2\/product\/2467"}],"collection":[{"href":"https:\/\/rubiscare.com\/tr\/wp-json\/wp\/v2\/product"}],"about":[{"href":"https:\/\/rubiscare.com\/tr\/wp-json\/wp\/v2\/types\/product"}],"replies":[{"embeddable":true,"href":"https:\/\/rubiscare.com\/tr\/wp-json\/wp\/v2\/comments?post=2467"}],"wp:featuredmedia":[{"embeddable":true,"href":"https:\/\/rubiscare.com\/tr\/wp-json\/wp\/v2\/media\/2468"}],"wp:attachment":[{"href":"https:\/\/rubiscare.com\/tr\/wp-json\/wp\/v2\/media?parent=2467"}],"wp:term":[{"taxonomy":"product_cat","embeddable":true,"href":"https:\/\/rubiscare.com\/tr\/wp-json\/wp\/v2\/product_cat?post=2467"},{"taxonomy":"product_tag","embeddable":true,"href":"https:\/\/rubiscare.com\/tr\/wp-json\/wp\/v2\/product_tag?post=2467"}],"curies":[{"name":"wp","href":"https:\/\/api.w.org\/{rel}","templated":true}]}}