{"id":2457,"date":"2020-10-14T11:44:06","date_gmt":"2020-10-14T11:44:06","guid":{"rendered":"https:\/\/rubiscare.com\/?post_type=product&#038;p=2457"},"modified":"2020-10-14T11:44:06","modified_gmt":"2020-10-14T11:44:06","slug":"rubis-150-gr-kagit-sargi-sabun","status":"publish","type":"product","link":"https:\/\/rubiscare.com\/tr\/urun\/rubis-150-gr-kagit-sargi-sabun\/","title":{"rendered":"Rubis &#8211; 150 gr Ka\u011f\u0131t Sarg\u0131 Sabun"},"content":{"rendered":"<p>6\u2019l\u0131 adetler halinde \u015feffaf ambalaj i\u00e7inde 150 gr ka\u011f\u0131t sarg\u0131l\u0131 sabun.<\/p>\n<p><strong>Koli Adet Say\u0131s\u0131:<\/strong><br \/>\n48<\/p>\n<p><strong>Koli A\u011f\u0131rl\u0131\u011f\u0131:<\/strong><br \/>\n7,2 kg<\/p>\n<p><strong>Barkod:<br \/>\n<\/strong>Aloe Vera: 869 2624 144 592<br \/>\nLeylak: 869 2624 144 615<br \/>\nBadem: 869 2624 144 608<br \/>\nGliserinli: 869 2624 146 145<br \/>\nBahar Tazeli\u011fi: 869 2624 146 183<br \/>\nS\u00fct ve Bal: 869 624 146 152<br \/>\nG\u00fcl: 869 624 140 457<\/p>\n","protected":false},"excerpt":{"rendered":"<p>Sevdikleriniz, en \u00e7ok tercih edilen kokulardan olu\u015fan yeni serimizi sevmeyecek, hayran olacaklar!<\/p>\n<p><strong>Varyant:<br \/>\n<\/strong>Aloe Vera, Leylak, Badem, Gliserinli, Bahar Tazeli\u011fi, S\u00fct ve Bal, G\u00fcl<\/p>\n<p><strong>\u00dcr\u00fcn Kodu:<br \/>\n<\/strong>C017<\/p>\n","protected":false},"featured_media":2459,"comment_status":"open","ping_status":"closed","template":"","meta":[],"product_cat":[756],"product_tag":[],"aioseo_notices":[],"_links":{"self":[{"href":"https:\/\/rubiscare.com\/tr\/wp-json\/wp\/v2\/product\/2457"}],"collection":[{"href":"https:\/\/rubiscare.com\/tr\/wp-json\/wp\/v2\/product"}],"about":[{"href":"https:\/\/rubiscare.com\/tr\/wp-json\/wp\/v2\/types\/product"}],"replies":[{"embeddable":true,"href":"https:\/\/rubiscare.com\/tr\/wp-json\/wp\/v2\/comments?post=2457"}],"wp:featuredmedia":[{"embeddable":true,"href":"https:\/\/rubiscare.com\/tr\/wp-json\/wp\/v2\/media\/2459"}],"wp:attachment":[{"href":"https:\/\/rubiscare.com\/tr\/wp-json\/wp\/v2\/media?parent=2457"}],"wp:term":[{"taxonomy":"product_cat","embeddable":true,"href":"https:\/\/rubiscare.com\/tr\/wp-json\/wp\/v2\/product_cat?post=2457"},{"taxonomy":"product_tag","embeddable":true,"href":"https:\/\/rubiscare.com\/tr\/wp-json\/wp\/v2\/product_tag?post=2457"}],"curies":[{"name":"wp","href":"https:\/\/api.w.org\/{rel}","templated":true}]}}